{"id":1185,"date":"2020-11-15T23:56:31","date_gmt":"2020-11-15T23:56:31","guid":{"rendered":"https:\/\/seekandhit.com\/?page_id=1185"},"modified":"2022-05-11T11:12:04","modified_gmt":"2022-05-11T10:12:04","slug":"o-nama","status":"publish","type":"page","link":"https:\/\/seekandhit.com\/hr\/o-nama\/","title":{"rendered":"O Nama"},"content":{"rendered":"<div class=\"wp-block-lazyblock-header-image lazyblock-header-image-Z2jKdBy\">\n<header class=\"header-image__container\">\n\n      <img src=https:\/\/seekandhit.com\/wp-content\/uploads\/2020\/11\/meet-seekandhit-scaled.jpg class=\"header__background\" alt=__Upoznaj__ SeekandHit \/>\n  \n  <div class=\"header-image contained\">\n    <span class=\"header__top header-image__top caption\"><\/span>\n    <div class=\"header__text header-image__text\">\n      <img src=\"https:\/\/seekandhit.com\/wp-content\/themes\/seekandhit-optimized\/images\/dots-white-4x7.svg\" class=\"header__dots--4x7 header-image__dots--4x7\" alt=\"dots\" \/>\n      <h1 class=\"title--large header__title header-image__title title--large\">\n        <i class=\"header-split_title--italic\">Upoznaj<\/i> SeekandHit      <\/h1>\n      <h4 class=\"h4 header__subtitle header-image__subtitle\">\n        Prvi dojam je jako bitan, pogotovo kada je u pitanju odabir digitalnog partnera koji \u0107e ti pomo\u0107i da podigne\u0161 poslovanje na novu razinu.      <\/h4>\n    <\/div>\n    <div class=\"header__bottom header-image__bottom\">\n      <img src=\"https:\/\/seekandhit.com\/wp-content\/themes\/seekandhit-optimized\/images\/header-arrow-icon.svg\" class=\"bottom__icon--arrow\" alt=\"arrow down\" \/>\n      <span class=\"bottom__label text--main\">\n        Scrollaj dolje      <\/span>\n    <\/div>\n  <\/div>\n<\/header><\/div>\n\n<div class=\"wp-block-lazyblock-widget-diagonal-list lazyblock-widget-diagonal-list-DeF3k\">\n<div class=\"diagonal-list__container diagonal-list__container--black\">\n  <div class=\"diagonal-list contained\">\n    <div class=\"diagonal-list__text\">\n      <h2 class=\"diagonal-list__title title--medium\">\n              <\/h2>\n\n      <div class=\"diagonal-list__items\">\n\n                  <div class=\"wp-block-lazyblock-meta-diagonal-list-item lazyblock-meta-diagonal-list-item-Z8tcey\">\n<div class=\"image-text image-text--diagonal-list intersect--expand\">\n\n      <img src=https:\/\/seekandhit.com\/wp-content\/uploads\/2020\/11\/IMG_3136a-web-scaled.jpg alt=Nema mjesta za \"ja\" u timu class=\"image-text__image\" alt=Nema mjesta za \"ja\" u timu \/>\n  \n  <h3 class=\"image-text__title h1\">\n    Nema mjesta za &#8220;ja&#8221; u timu  <\/h3>\n  <p class=\"image-text__text image-text__text--white text--alt\">\n    Nemamo ni\u0161ta protiv individualnosti, ali zato vjerujemo da se najbolji projekti doga\u0111aju kroz timski rad s obzirom da svatko ima ne\u0161to \u0161to mo\u017ee ponuditi.  <\/p>\n<\/div><\/div>\n\n<div class=\"wp-block-lazyblock-meta-diagonal-list-item lazyblock-meta-diagonal-list-item-Z25wIau\">\n<div class=\"image-text image-text--diagonal-list intersect--expand\">\n\n      <img src=https:\/\/seekandhit.com\/wp-content\/uploads\/2020\/11\/IMG_0537-scaled.jpg alt=Problem? Odli\u010dno. class=\"image-text__image\" alt=Problem? Odli\u010dno. \/>\n  \n  <h3 class=\"image-text__title h1\">\n    Problem? Odli\u010dno.  <\/h3>\n  <p class=\"image-text__text image-text__text--white text--alt\">\n    Ako se ne suo\u010davamo s nikakvim problemima onda sigurno ne\u0161to krivo radimo. Problemi su prilike kroz koje mo\u017eemo u\u010diti i uvijek ostati korak ispred konkurencije.  <\/p>\n<\/div><\/div>\n\n<div class=\"wp-block-lazyblock-meta-diagonal-list-item lazyblock-meta-diagonal-list-item-Z1wQ0fu\">\n<div class=\"image-text image-text--diagonal-list intersect--expand\">\n\n      <img src=https:\/\/seekandhit.com\/wp-content\/uploads\/2020\/11\/3_m.jpg alt=U potrazi za izvrsno\u0161\u0107u class=\"image-text__image\" alt=U potrazi za izvrsno\u0161\u0107u \/>\n  \n  <h3 class=\"image-text__title h1\">\n    U potrazi za izvrsno\u0161\u0107u  <\/h3>\n  <p class=\"image-text__text image-text__text--white text--alt\">\n    Ne postoji magi\u010dni recept koji \u0107e uvijek dati najbolje rezultate. Naj\u010de\u0161\u0107e se sve svede na testiranje ideja opet i opet dok ne po\u010dnemo vidjeti rezultate.  <\/p>\n<\/div><\/div>        \n        \n          <div class=\"image-text image-text--diagonal-list diagonal-list__dots\">\n            <img src=\"https:\/\/seekandhit.com\/wp-content\/themes\/seekandhit-optimized\/images\/dots-gray-4x7.svg\" class=\"image-text__image\" alt=\"dots\" \/>\n          <\/div>\n\n        \n      <\/div>\n\n    <\/div>\n  <\/div>\n<\/div><\/div>\n\n<div class=\"wp-block-lazyblock-seekandhit-vibe lazyblock-seekandhit-vibe-PXgvw\">\n<div class=\"vibe contained\">\n  <div class=\"vibe__left\">\n    <h3 class=\"vibe__title h1\">\n      SeekandHit na\u010din    <\/h3>\n    <img src=\"https:\/\/seekandhit.com\/wp-content\/themes\/seekandhit-optimized\/images\/dots-grey-5x7.svg\" class=\"vibe__dots--1\" alt=\"dots\" \/>\n\n          <img src=https:\/\/seekandhit.com\/wp-content\/uploads\/2020\/10\/Rectangle-85-1.png class=\"vibe__image--1\" alt= \/>\n      <\/div>\n  <div class=\"vibe__right\">\n    <span class=\"vibe__row__title title--medium\">Preispituj\u00a0<em>sve<\/em>.<\/span>\n<p class=\"vibe__row__description text--main\">I bilo koga, \u010dak i svoje nadre\u0111ene!<\/p>\n<span class=\"vibe__row__title title--medium\">Budi\u00a0<em>bold<\/em>.<\/span>\n<p class=\"vibe__row__description text--main\">Bilo karakterom ili fontom kojeg koristi\u0161.<\/p>\n<span class=\"vibe__row__title title--medium\">Razumi\u00a0<em>za\u0161to<\/em>.<\/span>\n<p class=\"vibe__row__description text--main\"><span style=\"font-weight: 400;\">Puko propitkivanje nije dovoljno.\u00a0<\/span><\/p>\n<span class=\"vibe__row__title title--medium\"><em>Riskiraj<\/em>.<\/span>\n<p class=\"vibe__row__description text--main\">\u010cak i ako je ispred tebe sat vremena vo\u017enje bez zaustavljanja, nakon ve\u010dere u meksi\u010dkom restoranu.<\/p>\n<span class=\"vibe__row__title title--medium\">Budi <em>iskren(a)<\/em>.<\/span>\n<p class=\"vibe__row__description text--main\">Nikad se ne ustru\u010davaj izraziti svoje mi\u0161ljenje.<\/p>\n          <img src=https:\/\/seekandhit.com\/wp-content\/uploads\/2020\/10\/Rectangle-85-1.png class=\"vibe__image--3\" alt= \/>\n              <img src=\"https:\/\/seekandhit.com\/wp-content\/themes\/seekandhit-optimized\/images\/seekandhit-vibe-1.png\" class=\"vibe__image--2\" alt= \/>\n        <img src=\"https:\/\/seekandhit.com\/wp-content\/themes\/seekandhit-optimized\/images\/dots-white-1x7-gray-3x7.svg\" class=\"vibe__dots--2\" alt=\"dots\" \/>\n  <\/div>\n<\/div><\/div>\n\n<div class=\"wp-block-lazyblock-widget-key-metrics lazyblock-widget-key-metrics-12MIPe\">\n<div class=\"key-metrics__wrapper key-metrics__wrapper--white\">\n  <div class=\"key-metrics contained\">\n    <div class=\"key-metrics__text\">\n      <h2 class=\"key-metrics__title h1\">\n        Statistike za \u0161trebere      <\/h2>\n      <span class=\"key-metrics__annotation text--main\">\n        Malo o na\u0161em poslovanju      <\/span>\n    <\/div>\n    <div class=\"key-metrics__container \">\n              <div class=\"key-metric\">\n          <div class=\"key-metric__value\">\n            <div class=\"key-metric__value__container title--medium\">\n              <span class=\"key-metric__number\">15<\/span>            <\/div>\n            <span class=\"key-metric__unit h1\">\n              god            <\/span>\n          <\/div>\n          <span class=\"key-metric__description text--main\">\n            Poslujemo          <\/span>\n        <\/div>\n                    <div class=\"key-metric\">\n          <div class=\"key-metric__value\">\n            <div class=\"key-metric__value__container title--medium\">\n              <span class=\"key-metric__number\">7<\/span><span class=\"key-metric__plus title--medium\">+<\/span>            <\/div>\n            <span class=\"key-metric__unit h1\">\n              god            <\/span>\n          <\/div>\n          <span class=\"key-metric__description text--main\">\n            Klijenti u prosjeku rade s nama          <\/span>\n        <\/div>\n                    <div class=\"key-metric\">\n          <div class=\"key-metric__value\">\n            <div class=\"key-metric__value__container title--medium\">\n              <span class=\"key-metric__number\">60<\/span><span class=\"key-metric__plus title--medium\">+<\/span>            <\/div>\n            <span class=\"key-metric__unit h1\">\n              ppl            <\/span>\n          <\/div>\n          <span class=\"key-metric__description text--main\">\n            Zapo\u0161ljavamo          <\/span>\n        <\/div>\n          <\/div>\n  <\/div>\n<\/div><\/div>\n\n<div class=\"wp-block-lazyblock-widget-classic-cta lazyblock-widget-classic-cta-tnkAS\">\n<div class=\"image-headline-CTA__container image-headline-CTA__container--gray\">\n  <div class=\"image-headline-CTA contained\">\n\n          <div class=\"image-headline-CTA__images\">\n                  <img src=https:\/\/seekandhit.com\/wp-content\/uploads\/2020\/11\/IMG_0396-1.jpg class=\"image-headline-CTA__photo\" alt= \/>\n                <img src=\"https:\/\/seekandhit.com\/wp-content\/themes\/seekandhit-optimized\/images\/dots-gray-L.svg\" class=\"image-headline-CTA__dots-5x7\"\/><img src=\"https:\/\/seekandhit.com\/wp-content\/themes\/seekandhit-optimized\/images\/dots-white-1x7-blue-3x7.svg\" class=\"image-headline-CTA__dots-4x7\"\/>      <\/div>\n    \n    <div class=\"image-headline-CTA__text\">\n      <h3 class=\"image-headline-CTA__title title--medium\">\n        Pridru\u017ei nam se      <\/h3>\n      <p class=\"image-headline-CTA__subtitle text--main\">\n        Ako ti odgovara na\u010din na koji rje\u0161avamo stvari, ne budi srame\u017eljiv(a), javi nam se. Bilo bi nam drago!      <\/p>\n      <a href=\"https:\/\/seekandhit.com\/hr\/karijere\/\" class=\"image-headline-CTA__button button button--green\">\n        Otvorene pozicije      <\/a>\n    <\/div>\n    \n  <\/div>\n<\/div>\n<\/div>","protected":false},"excerpt":{"rendered":"","protected":false},"author":1,"featured_media":0,"parent":0,"menu_order":0,"comment_status":"closed","ping_status":"closed","template":"","meta":[],"_links":{"self":[{"href":"https:\/\/seekandhit.com\/hr\/wp-json\/wp\/v2\/pages\/1185"}],"collection":[{"href":"https:\/\/seekandhit.com\/hr\/wp-json\/wp\/v2\/pages"}],"about":[{"href":"https:\/\/seekandhit.com\/hr\/wp-json\/wp\/v2\/types\/page"}],"author":[{"embeddable":true,"href":"https:\/\/seekandhit.com\/hr\/wp-json\/wp\/v2\/users\/1"}],"replies":[{"embeddable":true,"href":"https:\/\/seekandhit.com\/hr\/wp-json\/wp\/v2\/comments?post=1185"}],"version-history":[{"count":9,"href":"https:\/\/seekandhit.com\/hr\/wp-json\/wp\/v2\/pages\/1185\/revisions"}],"predecessor-version":[{"id":8169,"href":"https:\/\/seekandhit.com\/hr\/wp-json\/wp\/v2\/pages\/1185\/revisions\/8169"}],"wp:attachment":[{"href":"https:\/\/seekandhit.com\/hr\/wp-json\/wp\/v2\/media?parent=1185"}],"curies":[{"name":"wp","href":"https:\/\/api.w.org\/{rel}","templated":true}]}}