{"id":1189,"date":"2020-11-15T23:57:55","date_gmt":"2020-11-15T23:57:55","guid":{"rendered":"https:\/\/seekandhit.com\/?page_id=1189"},"modified":"2020-11-24T18:45:55","modified_gmt":"2020-11-24T17:45:55","slug":"blog","status":"publish","type":"page","link":"https:\/\/seekandhit.com\/hr\/blog\/","title":{"rendered":"Blog"},"content":{"rendered":"<div class=\"wp-block-lazyblock-header-split lazyblock-header-split-6iDcu\">\n<header class=\"header-split__container\">\n  <div class=\"header header-split\">\n    <div class=\"header-split__inner-container contained\">\n      <span class=\"header__top header-split__top\"><\/span>\n      <div class=\"header__text header-split__text title--large\">\n        <img src=\"https:\/\/seekandhit.com\/wp-content\/themes\/seekandhit-optimized\/images\/dots-gray-4x5.svg\" class=\"header__dots--4x5 header-split__dots--4x5\" alt=\"dots\" \/>\n        <img src=\"https:\/\/seekandhit.com\/wp-content\/themes\/seekandhit-optimized\/images\/dots-gray-4x6.svg\" class=\"header__dots--4x6 header-split__dots--4x6\" alt=\"dots\" \/>\n        <span class=\"header__tag header-split__tag\"><\/span>\n        <h1 class=\"title--large header__title header-split__title\">\n          Pro\u010ditaj \u0161to je novo na <span class=\"header-split__title--italic\">blogu<\/span>        <\/h1>\n        <h4 class=\"h4 header-subtitle header-split__subtitle\">\n          Saznaj vi\u0161e o najbitnijim novostima iz industrije. Na\u0161i thumbnailovi su bez clickbaita i posebnog sjaja samo za tebe.         <\/h4>\n      <\/div>\n      <div class=\"header__bottom header-split__bottom\">\n        <img src=\"https:\/\/seekandhit.com\/wp-content\/themes\/seekandhit-optimized\/images\/header-arrow-icon-grey.svg\" class=\"header-split__arrow\" alt=\"arrow down\" \/>\n        <span class=\"bottom__label text--main\">\n          Scrollaj dalje        <\/span>\n      <\/div>\n    <\/div>\n  <\/div>\n  <div class=\"header-split__right\">\n\n          <img src=https:\/\/seekandhit.com\/wp-content\/uploads\/2020\/11\/read-our-blog-2-scaled.jpg class=\"header-split__background\" alt=Pro\u010ditaj \u0161to je novo na __blogu__ \/>\n    \n  <\/div>\n<\/header><\/div>\n\n<div class=\"wp-block-lazyblock-blog-listings lazyblock-blog-listings-Z236SnB\">\n<script>\n  window.addEventListener('load', () => {\n    fetchInstagramData('https:\/\/seekandhit.com\/wp-content\/themes\/seekandhit-optimized', '#strikeapose').then(() => {\n      addCursorEvents();\n    })\n  })\n<\/script>\n\n<div class=\"showcase__list\">\n  <div class=\"showcase__list__wrapper contained\">\n    <h2 class=\"title--medium\">\n      Svje\u017ee iz na\u0161eg ureda    <\/h2>\n\n    <div class=\"showcase__filtering__wrapper\">\n      <ul class=\"showcase__filtering\">\n        <li>\n          <a class=\"h5 showcase__filter showcase__filter--selected\" href=\"\/wordpress\/blog\">\n            All\n          <\/a>\n        <\/li>\n\n        <li><a class=\"h5 showcase__filter\" href=\"https:\/\/seekandhit.com\/hr\/category\/analiza-web-korisnika\/\">Analiza korisnika i web stranica<\/a><\/li><li><a class=\"h5 showcase__filter\" href=\"https:\/\/seekandhit.com\/hr\/category\/automatizacija-kampanja\/\">Automatizacija kampanja<\/a><\/li><li><a class=\"h5 showcase__filter\" href=\"https:\/\/seekandhit.com\/hr\/category\/digitalna-strategija\/\">Digitalna strategija<\/a><\/li><li><a class=\"h5 showcase__filter\" href=\"https:\/\/seekandhit.com\/hr\/category\/oglasavanje\/\">Ogla\u0161avanje<\/a><\/li><li><a class=\"h5 showcase__filter\" href=\"https:\/\/seekandhit.com\/hr\/category\/seekandhit\/\">SeekandHit<\/a><\/li><li><a class=\"h5 showcase__filter\" href=\"https:\/\/seekandhit.com\/hr\/category\/tracking\/\">Tracking<\/a><\/li><li><a class=\"h5 showcase__filter\" href=\"https:\/\/seekandhit.com\/hr\/category\/upravljanje-podacima\/\">Upravljanje velikim podacima<\/a><\/li>\n      <\/ul>\n    <\/div>\n\n    \n      <div class=\"showcase\">\n\n                  \n                      <!-- SHOWCASE ITEM FULL -->\n\n            <a href=\"https:\/\/seekandhit.com\/hr\/seekandhit\/uvrsteni-smo-na-listu-500-najbrze-rastucih-tehnoloskih-tvrtki-prema-deloitteu\/\" class=\"showcase__item showcase__item--full hover-container--read-more\">\n              <div class=\"post-date hidden\">25 rujna, 2019<\/div>\n              <article>\n\n                              <img \n                  src=\"Array\" \n                  srcset=\"https:\/\/seekandhit.com\/wp-content\/uploads\/2020\/10\/Photo-4-columns-3.png 376w, https:\/\/seekandhit.com\/wp-content\/uploads\/2020\/10\/Photo-4-columns-3-300x188.png 300w\" \n                  sizes=\"(max-width: 376px) 100vw, 376px\" \n                  alt=\"\" \n                  class=\"showcase__image\" \n                \/>\n              \n                <div class=\"showcase__item__content\">\n                  <h1 class=\"showcase__title h1\">\n                    Uvr\u0161teni smo na listu 500 najbr\u017ee rastu\u0107ih tehnolo\u0161kih tvrtki prema Deloitteu!                  <\/h1>\n                  <p class=\"showcase__description text--alt\">\n                    Kao i svake godine, Deloitte Global objavio je ljestvicu 500 najbr\u017ee rastu\u0107ih tehnolo\u0161kih tvrtki na podru\u010dju Europe, Bliskog Istoka i Afrike (EMEA).\n                  <\/p>\n                  <div class=\"showcase__item__tag\"><div class=\"default\"><div class=\"dot dot--red\"><\/div><p class=\"text--main\">SeekandHit<\/p><\/div><\/div>                <\/div>\n              <\/article>\n            <\/a>\n\n          \n                  \n                      <!-- SHOWCASE ITEM BASE\/TEXT\/IMAGE -->\n\n            <a href=\"https:\/\/seekandhit.com\/hr\/oglasavanje\/brand-oglasavanje-to-bid-or-not-to-bid\/\" class=\"showcase__item hover-animation-container hover-container--read-more \">\n              <div class=\"post-date hidden\">27 listopada, 2020<\/div>\n              <article>\n                                  <div class=\"image-container\">\n                                    <img \n                    src=\"\" \n                    srcset=\"\" \n                    sizes=\"\" \n                    alt=\"\" \n                    class=\"showcase__image\" \n                  \/>\n                                      <div>\n                                              <h4 class=\"showcase__title h4\">\n                          Brand ogla\u0161avanje &#8211; to bid or not to bid?                        <\/h4>\n                      \n                    \n                    <div class=\"showcase__item__tag\"><div class=\"default\"><div class=\"dot dot--red\"><\/div><p class=\"text--main\">Ogla\u0161avanje<\/p><\/div><\/div>\n              <\/article>\n            <\/a>\n\n          \n                  \n                      <!-- SHOWCASE ITEM BASE\/TEXT\/IMAGE -->\n\n            <a href=\"https:\/\/seekandhit.com\/hr\/tracking\/utjecaj-besplatne-dostave-na-online-prodaju\/\" class=\"showcase__item hover-animation-container hover-container--read-more \">\n              <div class=\"post-date hidden\">23 rujna, 2020<\/div>\n              <article>\n                                  <div class=\"image-container\">\n                                      <img src=\"\" alt=\"\" class=\"showcase__image\" \/>\n                                      <div>\n                                              <h4 class=\"showcase__title h4\">\n                          Utjecaj besplatne dostave na online prodaju                        <\/h4>\n                      \n                    \n                    <div class=\"showcase__item__tag\"><div class=\"default\"><div class=\"dot dot--red\"><\/div><p class=\"text--main\">Tracking<\/p><\/div><\/div>\n              <\/article>\n            <\/a>\n\n          \n                  \n                      <!-- SHOWCASE ITEM BASE\/TEXT\/IMAGE -->\n\n            <a href=\"https:\/\/seekandhit.com\/hr\/advertising\/posljednji-pozdrav-jedinstvenim-search-termovima\/\" class=\"showcase__item hover-animation-container hover-container--read-more \">\n              <div class=\"post-date hidden\">11 rujna, 2020<\/div>\n              <article>\n                                  <div class=\"image-container\">\n                                      <img src=\"\" alt=\"\" class=\"showcase__image\" \/>\n                                      <div>\n                                              <h4 class=\"showcase__title h4\">\n                          Posljednji pozdrav jedinstvenim search termovima                        <\/h4>\n                      \n                    \n                    <div class=\"showcase__item__tag\"><div class=\"default\"><div class=\"dot dot--red\"><\/div><p class=\"text--main\">Advertising<\/p><\/div><\/div>\n              <\/article>\n            <\/a>\n\n          \n                  \n                      <!-- SHOWCASE ITEM BASE\/TEXT\/IMAGE -->\n\n            <a href=\"https:\/\/seekandhit.com\/hr\/digitalna-strategija\/sigurnost-na-google-ads-accountu\/\" class=\"showcase__item hover-animation-container hover-container--read-more \">\n              <div class=\"post-date hidden\">19 kolovoza, 2020<\/div>\n              <article>\n                                  <div class=\"image-container\">\n                                      <img src=\"\" alt=\"\" class=\"showcase__image\" \/>\n                                      <div>\n                                              <h4 class=\"showcase__title h4\">\n                          Sigurnost na Google Ads accountu                        <\/h4>\n                      \n                    \n                    <div class=\"showcase__item__tag\"><div class=\"default\"><div class=\"dot dot--red\"><\/div><p class=\"text--main\">Digitalna strategija<\/p><\/div><\/div>\n              <\/article>\n            <\/a>\n\n          \n                  \n                      <!-- SHOWCASE ITEM BASE\/TEXT\/IMAGE -->\n\n            <a href=\"https:\/\/seekandhit.com\/hr\/oglasavanje\/microsoft-bing-ads-zasto-ih-je-potrebno-testirati\/\" class=\"showcase__item hover-animation-container hover-container--read-more \">\n              <div class=\"post-date hidden\">17 lipnja, 2020<\/div>\n              <article>\n                                  <div class=\"image-container\">\n                                      <img src=\"\" alt=\"\" class=\"showcase__image\" \/>\n                                      <div>\n                                              <h4 class=\"showcase__title h4\">\n                          Microsoft (Bing) Ads &#8211;  Za\u0161to ih je potrebno testirati?                        <\/h4>\n                      \n                    \n                    <div class=\"showcase__item__tag\"><div class=\"default\"><div class=\"dot dot--red\"><\/div><p class=\"text--main\">Ogla\u0161avanje<\/p><\/div><\/div>\n              <\/article>\n            <\/a>\n\n          \n                  \n                      <!-- SHOWCASE ITEM BASE\/TEXT\/IMAGE -->\n\n            <a href=\"https:\/\/seekandhit.com\/hr\/tracking\/atribucija-i-krivi-zakljucci-iz-tocnih-podataka\/\" class=\"showcase__item hover-animation-container hover-container--read-more \">\n              <div class=\"post-date hidden\">22 svibnja, 2020<\/div>\n              <article>\n                                  <div class=\"image-container\">\n                                      <img src=\"\" alt=\"\" class=\"showcase__image\" \/>\n                                      <div>\n                                              <h4 class=\"showcase__title h4\">\n                          Atribucija i krivi zaklju\u010dci iz to\u010dnih podataka                        <\/h4>\n                      \n                    \n                    <div class=\"showcase__item__tag\"><div class=\"default\"><div class=\"dot dot--red\"><\/div><p class=\"text--main\">Tracking<\/p><\/div><\/div>\n              <\/article>\n            <\/a>\n\n          \n                  \n                      <!-- SHOWCASE ITEM BASE\/TEXT\/IMAGE -->\n\n            <a href=\"https:\/\/seekandhit.com\/hr\/upravljanje-podacima\/osnove-google-tag-managera\/\" class=\"showcase__item hover-animation-container hover-container--read-more \">\n              <div class=\"post-date hidden\">30 travnja, 2020<\/div>\n              <article>\n                                  <div class=\"image-container\">\n                                      <img src=\"\" alt=\"\" class=\"showcase__image\" \/>\n                                      <div>\n                                              <h4 class=\"showcase__title h4\">\n                          Osnove Google Tag Managera                        <\/h4>\n                      \n                    \n                    <div class=\"showcase__item__tag\"><div class=\"default\"><div class=\"dot dot--red\"><\/div><p class=\"text--main\">Upravljanje velikim podacima<\/p><\/div><\/div>\n              <\/article>\n            <\/a>\n\n          \n                  \n                      <!-- SHOWCASE ITEM BASE\/TEXT\/IMAGE -->\n\n            <a href=\"https:\/\/seekandhit.com\/hr\/advertising\/google-dijeli-340-milijuna-oglasivackog-kredita-malim-i-srednjim-poduzetnicima\/\" class=\"showcase__item hover-animation-container hover-container--read-more \">\n              <div class=\"post-date hidden\">24 travnja, 2020<\/div>\n              <article>\n                                  <div class=\"image-container\">\n                                      <img src=\"\" alt=\"\" class=\"showcase__image\" \/>\n                                      <div>\n                                              <h4 class=\"showcase__title h4\">\n                          Google poma\u017ee s 340 milijuna $ ogla\u0161iva\u010dkog kredita malim i srednjim poduzetnicima                        <\/h4>\n                      \n                    \n                    <div class=\"showcase__item__tag\"><div class=\"default\"><div class=\"dot dot--red\"><\/div><p class=\"text--main\">Advertising<\/p><\/div><\/div>\n              <\/article>\n            <\/a>\n\n          \n                  \n                      <!-- SHOWCASE ITEM BASE\/TEXT\/IMAGE -->\n\n            <a href=\"https:\/\/seekandhit.com\/hr\/oglasavanje\/reach-vs-traffic\/\" class=\"showcase__item hover-animation-container hover-container--read-more \">\n              <div class=\"post-date hidden\">16 travnja, 2020<\/div>\n              <article>\n                                  <div class=\"image-container\">\n                                      <img src=\"\" alt=\"\" class=\"showcase__image\" \/>\n                                      <div>\n                                              <h4 class=\"showcase__title h4\">\n                          Reach VS Traffic                        <\/h4>\n                      \n                    \n                    <div class=\"showcase__item__tag\"><div class=\"default\"><div class=\"dot dot--red\"><\/div><p class=\"text--main\">Ogla\u0161avanje<\/p><\/div><\/div>\n              <\/article>\n            <\/a>\n\n          \n                  \n                      <!-- SHOWCASE ITEM BASE\/TEXT\/IMAGE -->\n\n            <a href=\"https:\/\/seekandhit.com\/hr\/seekandhit\/kako-seekandhit-radi-od-doma\/\" class=\"showcase__item hover-animation-container hover-container--read-more \">\n              <div class=\"post-date hidden\">3 travnja, 2020<\/div>\n              <article>\n                                  <div class=\"image-container\">\n                                      <img src=\"\" alt=\"\" class=\"showcase__image\" \/>\n                                      <div>\n                                              <h4 class=\"showcase__title h4\">\n                          Kako SeekandHit radi od doma?                        <\/h4>\n                      \n                    \n                    <div class=\"showcase__item__tag\"><div class=\"default\"><div class=\"dot dot--red\"><\/div><p class=\"text--main\">SeekandHit<\/p><\/div><\/div>\n              <\/article>\n            <\/a>\n\n          \n        \n      <\/div>\n\n      <div class='showcase__pagination'><span aria-current=\"page\" class=\"page-numbers current\">1<\/span>\n<a class=\"page-numbers\" href=\"https:\/\/seekandhit.com\/hr\/wp-json\/wp\/v2\/pages\/1189page\/2\">2<\/a>\n<a class=\"page-numbers\" href=\"https:\/\/seekandhit.com\/hr\/wp-json\/wp\/v2\/pages\/1189page\/3\">3<\/a>\n<span class=\"page-numbers dots\">&hellip;<\/span>\n<a class=\"page-numbers\" href=\"https:\/\/seekandhit.com\/hr\/wp-json\/wp\/v2\/pages\/1189page\/21\">21<\/a>\n<a class=\"next page-numbers\" href=\"https:\/\/seekandhit.com\/hr\/wp-json\/wp\/v2\/pages\/1189page\/2\"><img class=\"arrow--next\" src=\"https:\/\/seekandhit.com\/wp-content\/themes\/seekandhit-optimized\/images\/icon-arrow-right.svg\"\/><\/a><\/div>\n      \n\n    \n  <\/div>\n<\/div><\/div>","protected":false},"excerpt":{"rendered":"","protected":false},"author":1,"featured_media":0,"parent":0,"menu_order":0,"comment_status":"closed","ping_status":"closed","template":"","meta":[],"_links":{"self":[{"href":"https:\/\/seekandhit.com\/hr\/wp-json\/wp\/v2\/pages\/1189"}],"collection":[{"href":"https:\/\/seekandhit.com\/hr\/wp-json\/wp\/v2\/pages"}],"about":[{"href":"https:\/\/seekandhit.com\/hr\/wp-json\/wp\/v2\/types\/page"}],"author":[{"embeddable":true,"href":"https:\/\/seekandhit.com\/hr\/wp-json\/wp\/v2\/users\/1"}],"replies":[{"embeddable":true,"href":"https:\/\/seekandhit.com\/hr\/wp-json\/wp\/v2\/comments?post=1189"}],"version-history":[{"count":6,"href":"https:\/\/seekandhit.com\/hr\/wp-json\/wp\/v2\/pages\/1189\/revisions"}],"predecessor-version":[{"id":6944,"href":"https:\/\/seekandhit.com\/hr\/wp-json\/wp\/v2\/pages\/1189\/revisions\/6944"}],"wp:attachment":[{"href":"https:\/\/seekandhit.com\/hr\/wp-json\/wp\/v2\/media?parent=1189"}],"curies":[{"name":"wp","href":"https:\/\/api.w.org\/{rel}","templated":true}]}}