{"id":1191,"date":"2020-11-15T23:59:25","date_gmt":"2020-11-15T23:59:25","guid":{"rendered":"https:\/\/seekandhit.com\/?page_id=1191"},"modified":"2020-11-24T18:27:32","modified_gmt":"2020-11-24T17:27:32","slug":"karijere","status":"publish","type":"page","link":"https:\/\/seekandhit.com\/hr\/karijere\/","title":{"rendered":"Karijere"},"content":{"rendered":"<div class=\"wp-block-lazyblock-header-split lazyblock-header-split-E1vVK\">\n<header class=\"header-split__container\">\n  <div class=\"header header-split\">\n    <div class=\"header-split__inner-container contained\">\n      <span class=\"header__top header-split__top\"><\/span>\n      <div class=\"header__text header-split__text title--large\">\n        <img src=\"https:\/\/seekandhit.com\/wp-content\/themes\/seekandhit-optimized\/images\/dots-gray-4x5.svg\" class=\"header__dots--4x5 header-split__dots--4x5\" alt=\"dots\" \/>\n        <img src=\"https:\/\/seekandhit.com\/wp-content\/themes\/seekandhit-optimized\/images\/dots-gray-4x6.svg\" class=\"header__dots--4x6 header-split__dots--4x6\" alt=\"dots\" \/>\n        <span class=\"header__tag header-split__tag\"><\/span>\n        <h1 class=\"title--large header__title header-split__title\">\n          Idemo <span class=\"header-split__title--italic\">raditi<\/span> skupa        <\/h1>\n        <h4 class=\"h4 header-subtitle header-split__subtitle\">\n          \u010cak i kad nema otvorenih radnih mjesta, slobodno nam po\u0161alji otvoreno pismo, kutiju \u010dokoladnih bombona, bilo \u0161to, nismo pretjerano izbirljivi.        <\/h4>\n      <\/div>\n      <div class=\"header__bottom header-split__bottom\">\n        <img src=\"https:\/\/seekandhit.com\/wp-content\/themes\/seekandhit-optimized\/images\/header-arrow-icon-grey.svg\" class=\"header-split__arrow\" alt=\"arrow down\" \/>\n        <span class=\"bottom__label text--main\">\n          Otvorena radna mjesta        <\/span>\n      <\/div>\n    <\/div>\n  <\/div>\n  <div class=\"header-split__right\">\n\n          <img src=https:\/\/seekandhit.com\/wp-content\/uploads\/2020\/11\/work-at-seekandhit.jpg class=\"header-split__background\" alt=Idemo __raditi__ skupa \/>\n    \n  <\/div>\n<\/header><\/div>\n\n<div class=\"wp-block-lazyblock-career-listings lazyblock-career-listings-1kFcFu\">\n<div class=\"job-listings\">\n  <div class=\"job-listings__wrapper contained\">\n    <h2 class=\"title--medium\">Open Positions<\/h2>\n    \n      \n        <div class=\"job-listing\">\n          <a class=\"link--mobile\" href=\"https:\/\/seekandhit.com\/hr\/careers\/digital-marketer-specialist\/\">\n            <h3 class=\"h3\">Digital Marketing Specialist (Mid level)<\/h3>\n          <\/a>\n          <p class=\"text--main\">\n            Split, Croatia          <\/p>\n          <a class=\"link--desktop\" href=\"https:\/\/seekandhit.com\/hr\/careers\/digital-marketer-specialist\/\">\n            <button class=\"button button--green\">Read More<\/button>\n          <\/a>\n        <\/div>\n\n      \n        <div class=\"job-listing\">\n          <a class=\"link--mobile\" href=\"https:\/\/seekandhit.com\/hr\/careers\/senior-digital-marketing-specialist\/\">\n            <h3 class=\"h3\">Senior Digital Marketing Specialist<\/h3>\n          <\/a>\n          <p class=\"text--main\">\n            Split, Croatia          <\/p>\n          <a class=\"link--desktop\" href=\"https:\/\/seekandhit.com\/hr\/careers\/senior-digital-marketing-specialist\/\">\n            <button class=\"button button--green\">Read More<\/button>\n          <\/a>\n        <\/div>\n\n      \n      \n    \n  <\/div>\n<\/div><\/div>\n\n<div class=\"wp-block-lazyblock-widget-diagonal-list lazyblock-widget-diagonal-list-Z1filQc\">\n<div class=\"diagonal-list__container diagonal-list__container--green\">\n  <div class=\"diagonal-list contained\">\n    <div class=\"diagonal-list__text\">\n      <h2 class=\"diagonal-list__title title--medium\">\n        \u0160to nudimo      <\/h2>\n\n      <div class=\"diagonal-list__items\">\n\n                  <div class=\"wp-block-lazyblock-meta-diagonal-list-item lazyblock-meta-diagonal-list-item-Z24gH0a\">\n<div class=\"image-text image-text--diagonal-list intersect--expand\">\n\n      <img src=https:\/\/seekandhit.com\/wp-content\/uploads\/2020\/11\/IMG_3344-scaled.jpg alt=Svijet class=\"image-text__image\" alt=Svijet \/>\n  \n  <h3 class=\"image-text__title h1\">\n    Svijet  <\/h3>\n  <p class=\"image-text__text image-text__text--white text--alt\">\n    Okej, svijet bi mogao biti mal\u010dice pretjerana izjava, ali uvjereni smo da mo\u017eemo pobuditi tvoju znati\u017eelju. Ako tra\u017ei\u0161 izazove i mogu\u0107nosti za ostvarivanje novih pobjeda, onda si definitivno na pravom mjestu.\n  <\/p>\n<\/div><\/div>\n\n<div class=\"wp-block-lazyblock-meta-diagonal-list-item lazyblock-meta-diagonal-list-item-17Q2G1\">\n<div class=\"image-text image-text--diagonal-list intersect--expand\">\n\n      <img src=https:\/\/seekandhit.com\/wp-content\/uploads\/2020\/11\/challenging-projects-scaled.jpg alt=Izazovni projekti class=\"image-text__image\" alt=Izazovni projekti \/>\n  \n  <h3 class=\"image-text__title h1\">\n    Izazovni projekti  <\/h3>\n  <p class=\"image-text__text image-text__text--white text--alt\">\n    Jednog dana \u0107e\u0161 raditi jedno, a sutradan ne\u0161to potpuno isto. Na\u0161i projekti obi\u010dno ne zavr\u0161avaju za jedan dan, ali sigurni smo da \u0107e\u0161 uvijek imati ne\u0161to za raditi i da ti ne\u0107e biti dosadno.  <\/p>\n<\/div><\/div>\n\n<div class=\"wp-block-lazyblock-meta-diagonal-list-item lazyblock-meta-diagonal-list-item-elPtT\">\n<div class=\"image-text image-text--diagonal-list intersect--expand\">\n\n      <img src=https:\/\/seekandhit.com\/wp-content\/uploads\/2020\/11\/laid-back-environment-scaled.jpg alt=Atmosfera za po\u017eeliti class=\"image-text__image\" alt=Atmosfera za po\u017eeliti \/>\n  \n  <h3 class=\"image-text__title h1\">\n    Atmosfera za po\u017eeliti  <\/h3>\n  <p class=\"image-text__text image-text__text--white text--alt\">\n    Na\u0161a ku\u0107a je tvoja ku\u0107a. Ako voli\u0161 nositi japanke i raditi u pid\u017eami, tko smo mi da osu\u0111ujemo? \u017delimo ti napraviti odlazak na posao drugi najbolji osje\u0107aj u danu, odmah iza odlaska ku\u0107i.  <\/p>\n<\/div><\/div>        \n        \n          <div class=\"image-text image-text--diagonal-list diagonal-list__dots\">\n            <img src=\"https:\/\/seekandhit.com\/wp-content\/themes\/seekandhit-optimized\/images\/dots-gray-4x7.svg\" class=\"image-text__image\" alt=\"dots\" \/>\n          <\/div>\n\n        \n      <\/div>\n\n    <\/div>\n  <\/div>\n<\/div><\/div>\n\n<div class=\"wp-block-lazyblock-widget-values lazyblock-widget-values-1pKYTO\">\n\n<div class=\"our-values__container our-values__container--red\">\n  <div class=\"our-values contained\">\n    <div class=\"our-values__top\">\n      <h3 class=\"our-values__title h1\">\n        Na\u0161e vrijednosti      <\/h3>\n      <div class=\"our-values__list\">\n<div class=\"our-values__list-item\"><span class=\"our-values__list-item__text\"><span class=\"our-values__dot\"><\/span>Propitkuj sve<\/span><\/div>\n<div class=\"our-values__list-item\"><span class=\"our-values__list-item__text\"><span class=\"our-values__dot\"><\/span>Ne boj se izgledati glupo<\/span><\/div>\n<div class=\"our-values__list-item\"><span class=\"our-values__list-item__text\"><span class=\"our-values__dot\"><\/span>Uvijek pitaj za\u0161to<\/span><\/div>\n<div class=\"our-values__list-item\"><span class=\"our-values__list-item__text\"><span class=\"our-values__dot\"><\/span>Riskiraj<\/span><\/div>\n<div class=\"our-values__list-item\"><span class=\"our-values__list-item__text\"><span class=\"our-values__dot\"><\/span>Budi iskren(a)<\/span><\/div>\n<\/div>      <img src=\"https:\/\/seekandhit.com\/wp-content\/themes\/seekandhit-optimized\/images\/dots-black-4x5.svg\" class=\"our-values__dots\" alt=\"dots\" \/>\n    <\/div>\n    <div class=\"our-values__bottom\">\n      <h3 class=\"our-values__title h1\">\n        Na\u0161 ured      <\/h3>\n      <p class=\"our-values__text text--main\">\n        Nalazimo se u Splitu, u novoure\u0111enom prostoru na tre\u0107em katu u centru grada. Navrati na kavu (ili pivo) ako si u blizini.       <\/p>\n    <\/div>\n  <\/div>\n<\/div><\/div>\n\n<div class=\"wp-block-lazyblock-widget-classic-cta lazyblock-widget-classic-cta-1Y52Mi\">\n<div class=\"image-headline-CTA__container image-headline-CTA__container--white\">\n  <div class=\"image-headline-CTA contained\">\n\n          <div class=\"image-headline-CTA__images\">\n                  <img src=https:\/\/seekandhit.com\/wp-content\/uploads\/2020\/10\/Photo-9.png class=\"image-headline-CTA__photo\" alt= \/>\n                <img src=\"https:\/\/seekandhit.com\/wp-content\/themes\/seekandhit-optimized\/images\/dots-gray-L.svg\" class=\"image-headline-CTA__dots-5x7\"\/><img src=\"https:\/\/seekandhit.com\/wp-content\/themes\/seekandhit-optimized\/images\/dots-white-1x7-blue-3x7.svg\" class=\"image-headline-CTA__dots-4x7\"\/>      <\/div>\n    \n    <div class=\"image-headline-CTA__text\">\n      <h3 class=\"image-headline-CTA__title title--medium\">\n        Upoznaj SeekandHit      <\/h3>\n      <p class=\"image-headline-CTA__subtitle text--main\">\n        Sad kad zna\u0161 malo vi\u0161e o tome \u0161to dolazi uz posao, po\u0161teno je da sazna\u0161 i kako je to zbilja raditi u SeekandHitu. Bez brige, ni\u0161ta od ovoga ne\u0107e biti u intervjuu za posao. Ili mo\u017eda ho\u0107e?       <\/p>\n      <a href=\"https:\/\/seekandhit.com\/onama\/\" class=\"image-headline-CTA__button button button--green\">\n        Upoznaj tim      <\/a>\n    <\/div>\n    \n  <\/div>\n<\/div>\n<\/div>","protected":false},"excerpt":{"rendered":"","protected":false},"author":1,"featured_media":0,"parent":0,"menu_order":0,"comment_status":"closed","ping_status":"closed","template":"","meta":[],"_links":{"self":[{"href":"https:\/\/seekandhit.com\/hr\/wp-json\/wp\/v2\/pages\/1191"}],"collection":[{"href":"https:\/\/seekandhit.com\/hr\/wp-json\/wp\/v2\/pages"}],"about":[{"href":"https:\/\/seekandhit.com\/hr\/wp-json\/wp\/v2\/types\/page"}],"author":[{"embeddable":true,"href":"https:\/\/seekandhit.com\/hr\/wp-json\/wp\/v2\/users\/1"}],"replies":[{"embeddable":true,"href":"https:\/\/seekandhit.com\/hr\/wp-json\/wp\/v2\/comments?post=1191"}],"version-history":[{"count":6,"href":"https:\/\/seekandhit.com\/hr\/wp-json\/wp\/v2\/pages\/1191\/revisions"}],"predecessor-version":[{"id":6931,"href":"https:\/\/seekandhit.com\/hr\/wp-json\/wp\/v2\/pages\/1191\/revisions\/6931"}],"wp:attachment":[{"href":"https:\/\/seekandhit.com\/hr\/wp-json\/wp\/v2\/media?parent=1191"}],"curies":[{"name":"wp","href":"https:\/\/api.w.org\/{rel}","templated":true}]}}