{"id":1193,"date":"2020-11-16T00:02:39","date_gmt":"2020-11-16T00:02:39","guid":{"rendered":"https:\/\/seekandhit.com\/?page_id=1193"},"modified":"2025-05-13T09:05:34","modified_gmt":"2025-05-13T08:05:34","slug":"kontakt","status":"publish","type":"page","link":"https:\/\/seekandhit.com\/hr\/kontakt\/","title":{"rendered":"Kontakt"},"content":{"rendered":"<div class=\"wp-block-lazyblock-header-split lazyblock-header-split-1YkM24\">\n<header class=\"header-split__container\">\n  <div class=\"header header-split\">\n    <div class=\"header-split__inner-container contained\">\n      <span class=\"header__top header-split__top\"><\/span>\n      <div class=\"header__text header-split__text title--large\">\n        <img src=\"https:\/\/seekandhit.com\/wp-content\/themes\/seekandhit-optimized\/images\/dots-gray-4x5.svg\" class=\"header__dots--4x5 header-split__dots--4x5\" alt=\"dots\" \/>\n        <img src=\"https:\/\/seekandhit.com\/wp-content\/themes\/seekandhit-optimized\/images\/dots-gray-4x6.svg\" class=\"header__dots--4x6 header-split__dots--4x6\" alt=\"dots\" \/>\n        <span class=\"header__tag header-split__tag\"><\/span>\n        <h1 class=\"title--large header__title header-split__title\">\n          <span class=\"header-split__title--italic\">Kontaktiraj<\/span> nas        <\/h1>\n        <h4 class=\"h4 header-subtitle header-split__subtitle\">\n          \u010cestitamo, napokon si na kontakt stranici! Odli\u010dan je osje\u0107aj skoro te upoznati. Jo\u0161 nekoliko poteza mi\u0161em i bit \u0107e slu\u017ebeno.         <\/h4>\n      <\/div>\n      <div class=\"header__bottom header-split__bottom\">\n        <img src=\"https:\/\/seekandhit.com\/wp-content\/themes\/seekandhit-optimized\/images\/header-arrow-icon-grey.svg\" class=\"header-split__arrow\" alt=\"arrow down\" \/>\n        <span class=\"bottom__label text--main\">\n          Scrollaj dolje        <\/span>\n      <\/div>\n    <\/div>\n  <\/div>\n  <div class=\"header-split__right\">\n\n          <img src=https:\/\/seekandhit.com\/wp-content\/uploads\/2020\/11\/IMG_0408_vodoravno.jpg class=\"header-split__background\" alt=__Kontaktiraj__ nas \/>\n    \n  <\/div>\n<\/header><\/div>\n\n<div class=\"wp-block-lazyblock-contact-form lazyblock-contact-form-HSsyl\">\n<div class=\"contact-form\" id=\"contact-form\">\n  <div class=\"contact-form__wrapper contained\">\n    <div class=\"contact-form__description\">\n      <h3 class=\"h1 success-container\">\n        Kontakt formular      <\/h3>\n\n      <p class=\"text--main\"><span style=\"font-weight: 400;\">Idemo pokrenuti stvari. Ispuni formular kako bi ti se mogli javiti s odgovorom.<\/span><\/p>    <\/div>\n    <div class=\"contact__form\">\n      <div class=\"input__wrapper\">\n        <label for=\"contact-form__input--name\" class=\"label caption\">\n          Ime i prezime        <\/label>\n        <input type=\"text\" class=\"input text--main\" id=\"contact-form__input--name\" name=\"full-name\" autocomplete=\"nope\" \/>\n        <button class=\"input__button__clear\">\n          <img src=\"https:\/\/seekandhit.com\/wp-content\/themes\/seekandhit-optimized\/images\/icon-cross.svg\" alt=\"clear\" \/>\n        <\/button>\n      <\/div>\n      <div class=\"input__wrapper\">\n        <label for=\"contact-form__input--email\" class=\"label caption\">\n          Email        <\/label>\n        <input type=\"email\" class=\"input text--main\" id=\"contact-form__input--email\" name=\"email\" autocomplete=\"nope\" \/>\n        <button class=\"input__button__clear\">\n          <img src=\"https:\/\/seekandhit.com\/wp-content\/themes\/seekandhit-optimized\/images\/icon-cross.svg\" alt=\"clear\" \/>\n        <\/button>\n      <\/div>\n      <div class=\"input__wrapper\">\n        <label for=\"contact-form__input--phone\" class=\"label caption\">\n          Broj mobitela        <\/label>\n        <input type=\"text\" class=\"input text--main\" id=\"contact-form__input--phone\" name=\"phone\" autocomplete=\"nope\" \/>\n        <button class=\"input__button__clear\">\n          <img src=\"https:\/\/seekandhit.com\/wp-content\/themes\/seekandhit-optimized\/images\/icon-cross.svg\" alt=\"clear\" \/>\n        <\/button>\n      <\/div>\n      <div class=\"input__wrapper input__wrapper--textarea\">\n        <label for=\"contact-form__input--letter\" class=\"label label--fixed__top caption\">\n          Poruka        <\/label>\n        <div class=\"input__top-content\">\n          <div class=\"caption word-counter\">\n            <p class=\"word-counter__current\">0<\/p>\n            <p class=\"word-counter__spacer\">\/<\/p>\n            <p class=\"word-counter__max\">450<\/p>\n            <p class=\"word-counter__description\">\n              rije\u010di            <\/p>\n          <\/div>\n        <\/div>\n        <textarea class=\"input input--textarea text--main\" id=\"contact-form__input--letter\" name=\"message\" autocomplete=\"nope\"><\/textarea>\n      <\/div>\n      <div class=\"form__response\">\n        <p class=\"form__response--error text--main\">\n                  <\/p>\n      <\/div>\n      <p class=\"contact-form__caption caption\">Slanjem formulara prihva\u0107a\u0161 <a target=\"_blank\" href=\"\/uvjeti-koristenja\/\">uvjete kori\u0161tenja<\/a>.<\/p>      <div class=\"g-recaptcha\" data-sitekey=\"6LddQuUZAAAAAL3WB4-pywx7sqXaIEykt-YMucfH\" data-callback='validateContactFormInputs'><\/div>\n      <div class=\"submit__container\">\n        <button class=\"contact-form__button button button--red js-form-submit\" id=\"contact-form__button\" onclick=\"sendContactForm('https:\/\/seekandhit.com', '')\">\n          Po\u0161alji        <\/button>\n        <div class=\"loader hidden\"><\/div>\n      <\/div>\n    <\/div>\n  <\/div>\n<\/div><\/div>\n\n<div class=\"wp-block-lazyblock-about-us lazyblock-about-us-mSAKR\">\n<div class=\"office-legal__wrapper\">\n  <div class=\"office-legal contained\">\n    <div class=\"office\">\n      <div class=\"office__top\">\n        <h3 class=\"office__title h1\">\n          Na\u0161 ured        <\/h3>\n\n        <p class=\"office__text text--main\"><strong>Telefon<\/strong>: <br \/>+385 91 638 8543<br \/><strong>Adresa<\/strong>: <br \/>Put Brodarice 6<br \/>21000<br \/>Split, Croatia<\/p>      <\/div>\n      <div class=\"office__bottom\">\n        <div class=\"office__image-dots--1\">\n                      <img src=\"https:\/\/seekandhit.com\/wp-content\/themes\/seekandhit-optimized\/images\/dots-gray-mirrored-7.svg\" class=\"office__dots--1\" alt=\"dots\" \/>\n            <img src=\"https:\/\/seekandhit.com\/wp-content\/uploads\/2020\/11\/seekandhit-office-entrance-scaled.jpg\" class=\"office__image--1\" alt=\"office landscape\" \/>\n                  <\/div>\n        <div class=\"office__image-dots--2\">\n                      <img src=\"https:\/\/seekandhit.com\/wp-content\/themes\/seekandhit-optimized\/images\/dots-gray-3x7-white-1x7.svg\" class=\"office__dots--2\" alt=\"dots\" \/>\n            <img src=\"https:\/\/seekandhit.com\/wp-content\/uploads\/2020\/11\/seekandhit-office-shared-scaled.jpg\" class=\"office__image--2\" alt=\"office portrait\" \/>\n                  <\/div>\n      <\/div>\n    <\/div>\n    <div class=\"legal\">\n      <h3 class=\"legal__title h1\">\n        Ovo mora biti ovdje      <\/h3>\n\n      <div class=\"legal__text text--main\">\n        <p class=\"legal__text__section\">Uber d.o.o. je upisan u registar Trgova\u010dkog suda u Splitu<br \/>MBS: 060287929<br \/>OIB: 88526453580.<br \/><br \/><\/p>\n<p class=\"legal__text__section\">Privredna Banka Zagreb (PBZ d.d.), Radni\u010dka 50, 10000 Zagreb<br \/>Bankovni ra\u010dun: HR64 2340 0091 1105 5498 7<br \/>SWIFT: PBZGHR2X<\/p>\n<p class=\"legal__text__section\">Osniva\u010dki kapital: 20.000,00 kn pla\u0107en u cijelosti<br \/>Osniva\u010d: Mario Fran\u010de\u0161evi\u0107<br \/>Sjedi\u0161te: Prhovine 2, HR-21226 Vini\u0161\u0107e<\/p>      <\/div>\n    <\/div>\n  <\/div>\n<\/div><\/div>","protected":false},"excerpt":{"rendered":"","protected":false},"author":1,"featured_media":0,"parent":0,"menu_order":0,"comment_status":"closed","ping_status":"closed","template":"","meta":[],"_links":{"self":[{"href":"https:\/\/seekandhit.com\/hr\/wp-json\/wp\/v2\/pages\/1193"}],"collection":[{"href":"https:\/\/seekandhit.com\/hr\/wp-json\/wp\/v2\/pages"}],"about":[{"href":"https:\/\/seekandhit.com\/hr\/wp-json\/wp\/v2\/types\/page"}],"author":[{"embeddable":true,"href":"https:\/\/seekandhit.com\/hr\/wp-json\/wp\/v2\/users\/1"}],"replies":[{"embeddable":true,"href":"https:\/\/seekandhit.com\/hr\/wp-json\/wp\/v2\/comments?post=1193"}],"version-history":[{"count":9,"href":"https:\/\/seekandhit.com\/hr\/wp-json\/wp\/v2\/pages\/1193\/revisions"}],"predecessor-version":[{"id":9941,"href":"https:\/\/seekandhit.com\/hr\/wp-json\/wp\/v2\/pages\/1193\/revisions\/9941"}],"wp:attachment":[{"href":"https:\/\/seekandhit.com\/hr\/wp-json\/wp\/v2\/media?parent=1193"}],"curies":[{"name":"wp","href":"https:\/\/api.w.org\/{rel}","templated":true}]}}