{"id":1198,"date":"2020-11-16T00:19:14","date_gmt":"2020-11-16T00:19:14","guid":{"rendered":"https:\/\/seekandhit.com\/?page_id=1198"},"modified":"2020-12-14T14:56:59","modified_gmt":"2020-12-14T13:56:59","slug":"politika-privatnosti","status":"publish","type":"page","link":"https:\/\/seekandhit.com\/hr\/politika-privatnosti\/","title":{"rendered":"Privatnost"},"content":{"rendered":"<div class=\"wp-block-lazyblock-header-split lazyblock-header-split-Z2arvRX\">\n<header class=\"header-split__container\">\n  <div class=\"header header-split\">\n    <div class=\"header-split__inner-container contained\">\n      <span class=\"header__top header-split__top\"><\/span>\n      <div class=\"header__text header-split__text title--large\">\n        <img src=\"https:\/\/seekandhit.com\/wp-content\/themes\/seekandhit-optimized\/images\/dots-gray-4x5.svg\" class=\"header__dots--4x5 header-split__dots--4x5\" alt=\"dots\" \/>\n        <img src=\"https:\/\/seekandhit.com\/wp-content\/themes\/seekandhit-optimized\/images\/dots-gray-4x6.svg\" class=\"header__dots--4x6 header-split__dots--4x6\" alt=\"dots\" \/>\n        <span class=\"header__tag header-split__tag\"><\/span>\n        <h1 class=\"title--large header__title header-split__title\">\n          <span class=\"header-split__title--italic\">Politika<\/span> privatnosti        <\/h1>\n        <h4 class=\"h4 header-subtitle header-split__subtitle\">\n          Prihvatiti kola\u010di\u0107e ili ne, pitanje je sada.        <\/h4>\n      <\/div>\n      <div class=\"header__bottom header-split__bottom\">\n        <img src=\"https:\/\/seekandhit.com\/wp-content\/themes\/seekandhit-optimized\/images\/header-arrow-icon-grey.svg\" class=\"header-split__arrow\" alt=\"arrow down\" \/>\n        <span class=\"bottom__label text--main\">\n          Scrollaj dolje        <\/span>\n      <\/div>\n    <\/div>\n  <\/div>\n  <div class=\"header-split__right\">\n\n          <img src=https:\/\/seekandhit.com\/wp-content\/uploads\/2020\/10\/privacy-1-scaled.jpg class=\"header-split__background\" alt=__Politika__ privatnosti \/>\n    \n  <\/div>\n<\/header><\/div>\n\n\n<h3>Uvodne odredbe<\/h3>\n\n\n\n<p>UBER d.o.o. (dalje u tekstu: SEEKANDHIT) prepoznaje va\u017enost Va\u0161eg prava privatnosti i predano je za\u0161titi istog.<\/p>\n\n\n\n<p>Europski parlament i Vije\u0107e Europske Unije su dana 27.04.2016. godine donijeli Uredbu (EU) 2016\/679 o za\u0161titi pojedinaca u vezi s obradom osobnih podataka i o slobodnom kretanju takvih podataka (dalje u tekstu: Op\u0107a uredba (EU) 2016\/679 o za\u0161titi osobnih podataka) s ciljem po\u0161tivanja temeljnog prava pojedinca na za\u0161titu prilikom obrade osobnih podataka, a posebice po\u0161tovanje privatnog i obiteljskog \u017eivota, doma i komuniciranja, za\u0161tite osobnih podataka, slobode mi\u0161ljenja, savjesti i vjeroispovijedi, slobode izra\u017eavanja i informiranja, slobode poduzetni\u0161tva, prava na u\u010dinkoviti pravni lijek i po\u0161teno su\u0111enje te prava na kulturnu, vjersku i jezi\u010dnu raznolikost.<\/p>\n\n\n\n<p>Uzev\u0161i u obzir rizike za prava i slobode pojedinaca, koji proizlaze iz obrade podataka i u vrijeme odre\u0111ivanja sredstava obrade i u vrijeme same obrade te su isti razli\u010ditih razina vjerojatnosti i ozbiljnosti, SEEKANDHIT implementacijom ove Politike privatnosti provodi odgovaraju\u0107e tehni\u010dke i organizacijske mjere kojima \u017eeli doprinijeti u\u010dinkovitoj primjeni na\u010dela za\u0161tite podataka, i to kako kroz smanjenje koli\u010dine podataka koje prikuplja, tako i uvo\u0111enjem odre\u0111enih za\u0161titnih mjera u obradu radi ispunjenja zahtjeva iz Op\u0107e uredbe (EU) 2016\/679 o za\u0161titi osobnih podataka i Zakona o provedbi Op\u0107e uredbe (EU) 2016\/679 o za\u0161titi osobnih podataka.<\/p>\n\n\n\n<p>SEEKANDHIT stoga ovdje obavje\u0161tava svakog korisnika i posjetitelja svoje mre\u017ene stranice o te\u017enji da obrada osobnih podataka bude svedena samo na ono \u0161to je nu\u017eno za svaku posebnu svrhu obrade. Taj cilj SEEKANDHIT poku\u0161ava posti\u0107i, izme\u0111u ostalog, smanjenjem koli\u010dine prikupljenih osobnih podataka, opsega njihove obrade, razdobljem pohrane i njihovom dostupnosti.<\/p>\n\n\n\n<p>Slijedom toga, ova Politika privatnosti opisuje vrste informacija koje SEEKANDHIT mo\u017ee prikupljati od Vas i koje Vi mo\u017eete u\u010diniti dostupnima posjetom SEEKANDHIT web stranice te kontaktiranjem dru\u0161tva SEEKANDHIT putem alata i formi predvi\u0111enih na samoj web stranici. Tako\u0111er, u ovoj se Politici privatnosti opisuje se i praksa prikupljanja, kori\u0161tenja, odr\u017eavanja, za\u0161tite i otkrivanja tako prikupljenih informacija.<\/p>\n\n\n\n<p>Pri tome, isti\u010demo da se ova Politika privatnosti primjenjuje se na sve korisnike i posjetitelje (fizi\u010dke osobe) SEEKANDHIT web stranice. Ista se, sukladno odredbama Op\u0107e uredbe (EU) 2016\/679 o za\u0161titi osobnih podataka, ne primjenjuje na obradu podataka pravnih osoba iako se podaci istih (uklju\u010duju\u0107i tvrtku, pravni oblik, kontaktne podatke i podatke o osobama koje djeluju u ime pravne osobe) prikupljaju na jednak na\u010din kao i podaci fizi\u010dkih osoba.<\/p>\n\n\n\n<p>Tako\u0111er, ova Politika privatnosti se ne primjenjuje na anonimne podatke i podatke koje su izmijenjeni na takav na\u010din da ne mogu biti povezani ni sa kojom odre\u0111enom fizi\u010dkom osobom ili s njome ne mogu biti povezani bez nerazmjernih te\u0161ko\u0107a.<\/p>\n\n\n\n<p>UBER d.o.o., Vini\u0161\u0107e, Prhovine 2, OIB: 88526453580 je voditelj obrade u pogledu Va\u0161ih podataka prikupljenih sukladno ovom Politikom privatnosti i kori\u0161tenjem mre\u017ene (web) stranice www.seekandhit.com. Sukladno odredbama Op\u0107e uredbe (EU) 2016\/679 o za\u0161titi osobnih podataka, SEEKANDHIT je imenovao slu\u017ebenika za za\u0161titu osobnih podataka kojeg mo\u017eete kontaktirati na sljede\u0107oj e-mail adresi: info@seekandhit.com.<\/p>\n\n\n\n<h3>Podaci koje SEEKANDHIT prikuplja od Vas kao posjetitelja i korisnika na\u0161e web stranice<\/h3>\n\n\n\n<p>1. Podaci koji se prikupljaju i podlije\u017eu automatiziranoj obradi<\/p>\n\n\n\n<p>SEEKANDHIT prilikom posjeta i kori\u0161tenja mre\u017ene stranice prikuplja odre\u0111ene anonimne podatke posjetitelja, i to putem razli\u010ditih internetskih pomagala. Navedene anonimne podatke, SEEKANDHIT ne mo\u017ee povezati s odre\u0111enom fizi\u010dkom osobom te iste prikuplja isklju\u010divo u statisti\u010dke svrhe, kao i radi prilago\u0111avanja svojih usluga i web stranice potrebama korisnika. SEEKANDHIT mo\u017ee anonimne podatke iz ovog stavka povezati s odre\u0111enom fizi\u010dkom osobom samo po isho\u0111enju prethodne privole te fizi\u010dke osobe.<\/p>\n\n\n\n<p>Obavje\u0161tavamo Vas da Vam pored prava navedenih u odjeljku <strong>(D)<\/strong> ove Politike privatnosti pripada i izri\u010dito pravo na prigovor na obradu osobnih podatka za potrebe automatizirane obrade podataka, odnosno u potrebe izravnog marketinga.<\/p>\n\n\n\n<p>Pravni temelj prikupljanja ovih podataka jest \u010dlanak 6(1) to\u010d. (f) Op\u0107e uredba (EU) 2016\/679 o za\u0161titi osobnih podataka, a iste smo podijelili u klju\u010dne skupine kako slijedi:<\/p>\n\n\n\n<p>1.1. Podaci koji se obra\u0111uju prilikom informativnog posjeta na\u0161oj web stranici<\/p>\n\n\n\n<p>Prilikom posjete na\u0161oj web stranici u informativne svrhe, a \u0161to zna\u010di da istu kao korisnik pregledavate bez ikakve registracije putem iste i bez davanja ikakvih podataka o sebi, obra\u0111uju se samo osobni podaci koje Va\u0161 pretra\u017eiva\u010d prenosi na na\u0161 poslu\u017eitelj. Radi se o podacima koji se prikupljaju sa svrhom da bi Vam se na\u0161a web stranica uop\u0107e prikazala te da bi se osigurala stabilnost i sigurnost iste. U tome smislu, takvi su podaci iz tehni\u010dkih razloga nu\u017eni. Na ovaj se na\u010din i sa opisanom svrhom prikupljaju sljede\u0107i podaci:<\/p>\n\n\n\n<p>IP adresa, datum i vrijeme posjeta, vremenska zona, sadr\u017eaj zahtjeva (konkretna stranica), status pristupa\/kod HTTP statusa, koli\u010dina podataka koja se prenosi, mre\u017ena stranica s koje se daje zahtjev, pretra\u017eiva\u010d,identifikacijski brojevi vezani za Va\u0161 ure\u0111aj s kojeg posje\u0107ujete na\u0161u web stranicu, operativni sustav, njegovo su\u010delje i konfiguraciju, jezik i verzija softvera pretra\u017eiva\u010da<\/p>\n\n\n\n<p>Ovi podaci kad su jednom prikupljeni pohranjuju sukladno uvjetima i rokovima navedenim na sljede\u0107im poveznicama:<\/p>\n\n\n\n<p><a href=\"https:\/\/support.google.com\/analytics\/answer\/181881\">https:\/\/support.google.com\/analytics\/answer\/181881<\/a><\/p>\n\n\n\n<p>1.2. \u201eKola\u010di\u0107i\u201c (cookies)<\/p>\n\n\n\n<p>Na temelju \u010dlanka 6(1) to\u010d. (f) Op\u0107e uredba (EU) 2016\/679 o za\u0161titi osobnih podataka, na na\u0161oj web stranici, a radi optimizacije iste, upotrebljavamo tzv. &#8220;kola\u010di\u0107e&#8221; (cookies). Isti predstavljaju tekstualne datoteke koje Va\u0161 pretra\u017eiva\u010d automatski kreira i pohranjuje na Va\u0161em ure\u0111aju (npr. laptopu, tabletu, pametnom telefonu) prilikom posjete na\u0161oj web stranici. U takvim se tekstualnim datotekama pohranjuju informacije koje nastaju u vezi s konkretnim ure\u0111ajem koji se upotrebljava prilikom posjete web stranici. To ne zna\u010di da Vas mo\u017eemo izravno identificirati. Op\u0107a svrha upotrebe \u201ekola\u010di\u0107a\u201c jest da Vam upotreba na\u0161e web stranice pru\u017ei \u0161to bolje korisni\u010dko iskustvo.<\/p>\n\n\n\n<p>\u201eKola\u010di\u0107i\u201c se koriste sa specifi\u010dnom svrhom prepoznavanja da ste ve\u0107 posjetili pojedine dijelove na\u0161e web stranice, pri ponovnom posjetu prepoznaju se unosi koje ste u prethodnom posjetu u\u010dinili i koje ste postavke odabrali. Tako\u0111er, koriste se sa svrhom pra\u0107enja statisti\u010dkih podataka i analiziranja upotrebe na\u0161e web stranice.<\/p>\n\n\n\n<p>Prilikom prvog posjeta na\u0161oj web stranici, mo\u017eete odabrati pristajete li na upotrebu \u201ekola\u010di\u0107a\u201c ili ne. Ukoliko odaberete opciju pristanka, njome dajete privolu za pozicioniranje \u201ekola\u010di\u0107a\u201c na Va\u0161 ure\u0111aj.<\/p>\n\n\n\n<p>U svakom trenutku se mo\u017eete predomisliti u vezi s prihva\u0107anjem i pristankom na upotrebu \u201ekola\u010di\u0107a\u201c. S obzirom da tehni\u010dki nije mogu\u0107e osigurati da privolu koju ste dali za upotrebu \u201ekola\u010di\u0107a\u201c povu\u010dete na tehni\u010dki jednak na\u010din (klikom mi\u0161a), za daljnje informacije glede brisanja i prestanka kori\u0161tenja \u201ekola\u010di\u0107a\u201c tj. povla\u010denje privole u vezi istih, molimo vas kontaktirajte nas na sljede\u0107oj e-mail adresi: info@Seekandhit.com. Jednako tako, podsje\u0107amo Vas da \u201ekola\u010di\u0107e\u201c mo\u017eete izbrisati u bilo kojem trenutku u postavkama Va\u0161eg internetskog preglednika. Povla\u010denje privole ne utje\u010de na zakonitost prikupljanja i obrade podataka izvr\u0161enih prije povla\u010denja privole.<\/p>\n\n\n\n<p>1.3. Podaci prikupljeni kroz Google Analytics uslugu<\/p>\n\n\n\n<p>SEEKANDHIT na svojoj web stranici koristi uslugu analize podataka pod nazivom Google Analytics, a koju pru\u017ea dru\u0161tvo Google Inc. sa sjedi\u0161tem u Mountain View, Kalifornija, Sjedinjene Ameri\u010dke Dr\u017eave. Kori\u0161tenje usluge Google Analytics omogu\u0107ava nam uvid u podatke o posjetitelju web stranice koji uklju\u010duju, ali ne ograni\u010davaju se na, broj posjeta web stranici, izvor s kojeg se istu posje\u0107uje te vrijeme koje je posjetitelj proveo na istoj. Ove informacije su depersonalizirane, anonimizirane i prikazuje se u brojevima koji ne mogu biti povezani s odre\u0111enom osobom. Takve informacije koriste se isklju\u010divo za statisti\u010dke svrhe radi prilagodbe na\u0161ih usluga i same web stranice potrebama korisnika i posjetitelja.<\/p>\n\n\n\n<p>Ovi podaci pohranjuju se i koriste za \u010ditavo vrijeme dok posjetitelj web stranice ne odlu\u010di isklju\u010diti navedenu platformu u smislu da se njegova aktivnost na web stranici SEEKANDHIT ne mo\u017ee dalje analizirati. Vi kao posjetitelj i korisnik na\u0161e web stranice se stoga mo\u017eete izuzeti iz dosega Google Analyticsa kori\u0161tenog na SEEKANDHIT web stranici na na\u010din da posjetite opt-out stranicu samog Google Analyticsa i preuzmete plug-in program za svoj Internetski pretra\u017eiva\u010d koji \u0107e Vam omogu\u0107iti izuzimanje, i to na sljede\u0107oj poveznici:<\/p>\n\n\n\n<p><a href=\"http:\/\/support.google.com\/analytics\/answer\/181881\" data-type=\"URL\" data-id=\"support.google.com\/analytics\/answer\/181881\">support.google.com\/analytics\/answer\/181881<\/a> <\/p>\n\n\n\n<p>2. Prikupljanje i obrada podataka pru\u017eenih uslijed kontaktiranja dru\u0161tva SEEKANDHIT<\/p>\n\n\n\n<p>SEEKANDHIT na svojoj web stranici omogu\u0107ava posjetitelju da postavi pitanja o na\u0161im proizvodima, uslugama i trgova\u010dkom dru\u0161tvu op\u0107enito kao i da se isti glede bilo \u010dega drugoga obrati SEEKANDHIT putem e-maila. .<\/p>\n\n\n\n<p>SEEKANDHIT pohranjuje i obra\u0111uje sve osobne podatke koje nam autonomno i voljno u\u010dinite dostupnima (npr. Va\u0161a e-mail adresa, eventualno Va\u0161e ime i prezime, broj telefona, adresa i ostale podatke koje nam sami dajete prilikom kontakta). To se odnosi i na podatke koje nam u\u010dinite dostupnima prilikom prijave na radno mjesto u SEEKANDHIT, tra\u017eenja ponude, tra\u017eenja savjeta ili pomo\u0107i i sli\u010dno.<\/p>\n\n\n\n<p>Gore navedeno zna\u010di da uslijed bilo kakvog obra\u0107anja dru\u0161tvu SEEKANDHIT e-mailom ili slanjem prijave za posao te njoj pripadaju\u0107e dokumentacije posjetitelj web stranice daje svoju dobrovoljnu privolu za prikupljanje i obradu svih osobnih podataka koje isti u\u010dini dostupnima dru\u0161tvu SEEKANDHIT. To uklju\u010duje i dobrovoljnu privolu da ga SEEKANDHIT kontaktira u svrhu odgovora na upite i zahtjeve, odnosno, da ga kontaktira i pozove na testiranje znanja i sposobnosti za obavljanje poslova radnog mjesta na koje se odnosi prijava.<\/p>\n\n\n\n<p>Podaci \u0107e se, u ovome smislu, prikupljati i obra\u0111ivati samo za gore navedenu svrhu komunikacije i povratnog kontaktiranja Vas kao osobe koja se dru\u0161tvu SEEKANDHIT obratila, te da \u0107e se isti brisati po prestanku razloga i svrhe prikupljanja i obrade.<\/p>\n\n\n\n<p>Danu privolu za prikupljanje i obradu Va\u0161ih osobnih podataka mo\u017eete povu\u0107i u bilo koje vrijeme na na\u010din da nas kontaktirate na sljede\u0107u e-mail adresu: info@seekandhit.com. Povla\u010denje privole ne utje\u010de na zakonitost prikupljanja i obrade podataka izvr\u0161enih prije povla\u010denja privole.<\/p>\n\n\n\n<p>U slu\u010daju da dru\u0161tvo SEEKANDHIT kontaktirate telefonski putem telefonskih brojeva istaknutih na web stranici, SEEKANDHIT Vas obavje\u0161tava da telefonski razgovori ne\u0107e biti snimani.<\/p>\n\n\n\n<h3>Kada Va\u0161i osobni podaci mogu biti u\u010dinjeni dostupnima tre\u0107im osobama?<\/h3>\n\n\n\n<p>SEEKANDHIT ne prodaje, ne iznajmljuje niti na bilo koji drugi na\u010din trguje Va\u0161im osobnim podacima s tre\u0107im osobama. Me\u0111utim, SEEKANDHIT mo\u017ee u\u010diniti dostupnim Va\u0161e osobne podatke odre\u0111enim subjektima kad je na to ovla\u0161ten ili obvezan temeljem zakon i drugih propisa.<\/p>\n\n\n\n<p>SEEKANDHIT mo\u017ee u\u010diniti dostupnima Va\u0161e osobne podatke pojedinim tre\u0107im osobama kao pru\u017eateljima usluga tj. ugovornim partnerima dru\u0161tva SEEKANDHIT, a sve u cilju omogu\u0107avanja urednog ispunjenja obveza iz takvog ugovornog odnosa. To se, primjerice, odnosi na pru\u017eatelje usluga hostinga i odr\u017eavanja na\u0161e web stranice, njezina razvoja i pri\u010duvne pohrane (<em>backup<\/em>) te vr\u0161enja analiza. Takve tre\u0107e osobe ovla\u0161tene su podatke koristiti isklju\u010divo u svrhu ispunjenja ugovornog odnosa s dru\u0161tvom SEEKANDHIT.<\/p>\n\n\n\n<p>Tako\u0111er, u slu\u010daju da se glede dru\u0161tva SEEKANDHIT ostvari statusna promjena u smislu spajanja, pripajanja, podjele istog te preuzimanja ili prijenosa poduze\u0107a na drugi subjekt ili u slu\u010daju otvaranja ste\u010dajnog postupka nad dru\u0161tvom SEEKANDHIT, SEEKANDHIT mo\u017ee prenijeti Va\u0161e prikupljene osobne podatke na tre\u0107u stranu koja u tim slu\u010dajevima pravni slijednik dru\u0161tva SEEKANDHIT.<\/p>\n\n\n\n<p>SEEKANDHIT mo\u017ee koristiti i omogu\u0107iti pristup Va\u0161im osobnim podacima ukoliko je to obveza dru\u0161tva sukladno zakonu i propisima, kao npr. prema nalogu suda ili drugog tijela javne vlasti.<\/p>\n\n\n\n<p>Svakako, pristup Va\u0161im osobnim podacima imati \u0107e tre\u0107e osobe u smislu zaposlenika dru\u0161tva SEEKANDHIT zadu\u017eenih za rje\u0161avanje upita i zahtjeva pristiglih putem e-maila te zaprimanje prijava za posao, sve isklju\u010divo u svrhu omogu\u0107avanja adekvatne komunikacije s Vama te eventualnog zapo\u0161ljavanja.<\/p>\n\n\n\n<p>Kona\u010dno, SEEKANDHIT mo\u017ee omogu\u0107iti pristup i kori\u0161tenje Va\u0161im osobnim podacima onim fizi\u010dkim i pravnim osobama u odnosu na koje je SEEKANDHIT ishodio Va\u0161 pristanak za takvo dijeljenje.<\/p>\n\n\n\n<h3>Ostale op\u0107e informacije i prava korisnika\/posjetitelja web stranice<\/h3>\n\n\n\n<p>Obavje\u0161tavamo Vas da u vezi Va\u0161ih podataka prikupljenih temeljem posjeta na\u0161oj web stranici te temeljem kontaktiranja SEEKANDHIT ili prijave za posao, ostvarujete sva prava propisana Op\u0107om uredbom o za\u0161titi podataka, \u0161to zna\u010di da imate pravo zatra\u017eiti od SEEKANDHIT ostvarenje svog prava na brisanje (\u201ezaborav\u201c) i ispravak Va\u0161ih podataka, pravo na pristup prikupljenim podacima, pravo na ograni\u010denje obrade istih, pravo na prigovor u vezi obrade istih, kao i pravo na prenosivost Va\u0161ih osobnih podataka.<\/p>\n\n\n\n<p>Dodatno Vam napominjemo, da u slu\u010daju da smatrate da su Va\u0161a prava temeljem Op\u0107e uredbe o za\u0161titi podataka povrije\u0111ena, mo\u017eete podnijeti prigovor nadle\u017enom tijelu, odnosno Agenciji za za\u0161titu podataka.<\/p>\n","protected":false},"excerpt":{"rendered":"<p>Uvodne odredbe UBER d.o.o. (dalje u tekstu: SEEKANDHIT) prepoznaje va\u017enost Va\u0161eg prava privatnosti i predano je za\u0161titi istog. Europski parlament i Vije\u0107e Europske Unije su dana 27.04.2016. godine donijeli Uredbu (EU) 2016\/679 o za\u0161titi pojedinaca u vezi s obradom osobnih podataka i o slobodnom kretanju takvih podataka (dalje u tekstu: Op\u0107a uredba (EU) 2016\/679 o [&hellip;]<\/p>\n","protected":false},"author":1,"featured_media":0,"parent":0,"menu_order":0,"comment_status":"closed","ping_status":"open","template":"","meta":[],"_links":{"self":[{"href":"https:\/\/seekandhit.com\/hr\/wp-json\/wp\/v2\/pages\/1198"}],"collection":[{"href":"https:\/\/seekandhit.com\/hr\/wp-json\/wp\/v2\/pages"}],"about":[{"href":"https:\/\/seekandhit.com\/hr\/wp-json\/wp\/v2\/types\/page"}],"author":[{"embeddable":true,"href":"https:\/\/seekandhit.com\/hr\/wp-json\/wp\/v2\/users\/1"}],"replies":[{"embeddable":true,"href":"https:\/\/seekandhit.com\/hr\/wp-json\/wp\/v2\/comments?post=1198"}],"version-history":[{"count":6,"href":"https:\/\/seekandhit.com\/hr\/wp-json\/wp\/v2\/pages\/1198\/revisions"}],"predecessor-version":[{"id":7452,"href":"https:\/\/seekandhit.com\/hr\/wp-json\/wp\/v2\/pages\/1198\/revisions\/7452"}],"wp:attachment":[{"href":"https:\/\/seekandhit.com\/hr\/wp-json\/wp\/v2\/media?parent=1198"}],"curies":[{"name":"wp","href":"https:\/\/api.w.org\/{rel}","templated":true}]}}