{"id":1201,"date":"2020-11-16T00:20:34","date_gmt":"2020-11-16T00:20:34","guid":{"rendered":"https:\/\/seekandhit.com\/?page_id=1201"},"modified":"2020-12-14T15:10:14","modified_gmt":"2020-12-14T14:10:14","slug":"usluge","status":"publish","type":"page","link":"https:\/\/seekandhit.com\/hr\/usluge\/","title":{"rendered":"Usluge"},"content":{"rendered":"<div class=\"wp-block-lazyblock-header-split lazyblock-header-split-ZLFJmx\">\n<header class=\"header-split__container\">\n  <div class=\"header header-split\">\n    <div class=\"header-split__inner-container contained\">\n      <span class=\"header__top header-split__top\"><\/span>\n      <div class=\"header__text header-split__text title--large\">\n        <img src=\"https:\/\/seekandhit.com\/wp-content\/themes\/seekandhit-optimized\/images\/dots-gray-4x5.svg\" class=\"header__dots--4x5 header-split__dots--4x5\" alt=\"dots\" \/>\n        <img src=\"https:\/\/seekandhit.com\/wp-content\/themes\/seekandhit-optimized\/images\/dots-gray-4x6.svg\" class=\"header__dots--4x6 header-split__dots--4x6\" alt=\"dots\" \/>\n        <span class=\"header__tag header-split__tag\"><\/span>\n        <h1 class=\"title--large header__title header-split__title\">\n          Ovdje se osje\u0107amo najugodnije        <\/h1>\n        <h4 class=\"h4 header-subtitle header-split__subtitle\">\n          Kao kod ku\u0107e? Naravno.        <\/h4>\n      <\/div>\n      <div class=\"header__bottom header-split__bottom\">\n        <img src=\"https:\/\/seekandhit.com\/wp-content\/themes\/seekandhit-optimized\/images\/header-arrow-icon-grey.svg\" class=\"header-split__arrow\" alt=\"arrow down\" \/>\n        <span class=\"bottom__label text--main\">\n          Scrollaj dolje        <\/span>\n      <\/div>\n    <\/div>\n  <\/div>\n  <div class=\"header-split__right\">\n\n          <img src=https:\/\/seekandhit.com\/wp-content\/uploads\/2020\/11\/seekandhit-services-wall-scaled.jpg class=\"header-split__background\" alt=Ovdje se osje\u0107amo najugodnije \/>\n    \n  <\/div>\n<\/header><\/div>\n\n<div class=\"wp-block-lazyblock-services-listings lazyblock-services-listings-ZRgavC\">\n<div class=\"diagonal-list__container\">\n  <div class=\"diagonal-list contained\">\n    <div class=\"diagonal-list__text\">\n      \n        <h2 class=\"diagonal-list__title h1\">\n          Rje\u0161avamo probleme        <\/h2>\n        <p class=\"diagonal-list__subtitle text--main\">\n          Pogotovo ako su digitalni, onda si na pravom mjestu.        <\/p>\n\n      \n      \n        <article class=\"diagonal-list__items\">\n\n                    \n            \n            <a class=\"image-text image-text--diagonal-list hover-container--read-more intersect--expand\" href=\"https:\/\/seekandhit.com\/hr\/services\/upravljanje-podacima\/\">\n\n                              <img \n                  src=\"Array\" \n                  srcset=\"https:\/\/seekandhit.com\/wp-content\/uploads\/2020\/10\/professional-data-small.jpg 552w, https:\/\/seekandhit.com\/wp-content\/uploads\/2020\/10\/professional-data-small-300x186.jpg 300w\" \n                  sizes=\"(max-width: 552px) 100vw, 552px\" \n                  alt=\"\" \n                  class=\"image-text__image\" \n                \/>\n              \n              <h3 class=\"image-text__title h1\">\n                Upravljanje podacima              <\/h3>\n              <p class=\"image-text__text text--alt\">\n                Ima\u0161 problema s razumijevanjem i organizacijom podataka? Prepusti se u ruke najboljih \u0161apta\u010da podacima u regiji.              <\/p>\n            <\/a>\n\n                    \n            \n            <a class=\"image-text image-text--diagonal-list hover-container--read-more intersect--expand\" href=\"https:\/\/seekandhit.com\/hr\/services\/analiza-weba-i-korisnika\/\">\n\n                              <img \n                  src=\"Array\" \n                  srcset=\"https:\/\/seekandhit.com\/wp-content\/uploads\/2020\/10\/user-and-site-analysis-1-web-scaled.jpg 2560w, https:\/\/seekandhit.com\/wp-content\/uploads\/2020\/10\/user-and-site-analysis-1-web-scaled-300x200.jpg 300w, https:\/\/seekandhit.com\/wp-content\/uploads\/2020\/10\/user-and-site-analysis-1-web-scaled-1024x683.jpg 1024w, https:\/\/seekandhit.com\/wp-content\/uploads\/2020\/10\/user-and-site-analysis-1-web-scaled-768x512.jpg 768w, https:\/\/seekandhit.com\/wp-content\/uploads\/2020\/10\/user-and-site-analysis-1-web-scaled-1536x1024.jpg 1536w, https:\/\/seekandhit.com\/wp-content\/uploads\/2020\/10\/user-and-site-analysis-1-web-scaled-2048x1366.jpg 2048w\" \n                  sizes=\"(max-width: 2560px) 100vw, 2560px\" \n                  alt=\"\" \n                  class=\"image-text__image\" \n                \/>\n              \n              <h3 class=\"image-text__title h1\">\n                Analiza weba i korisnika              <\/h3>\n              <p class=\"image-text__text text--alt\">\n                Odli\u010dni webovi privla\u010de prave korisnike. Mo\u017eemo li baciti oko?              <\/p>\n            <\/a>\n\n                    \n            \n            <a class=\"image-text image-text--diagonal-list hover-container--read-more intersect--expand\" href=\"https:\/\/seekandhit.com\/hr\/services\/tracking\/\">\n\n                              <img \n                  src=\"Array\" \n                  srcset=\"https:\/\/seekandhit.com\/wp-content\/uploads\/2020\/11\/tracking-1-1-web-scaled.jpg 2560w, https:\/\/seekandhit.com\/wp-content\/uploads\/2020\/11\/tracking-1-1-web-scaled-300x200.jpg 300w, https:\/\/seekandhit.com\/wp-content\/uploads\/2020\/11\/tracking-1-1-web-scaled-1024x683.jpg 1024w, https:\/\/seekandhit.com\/wp-content\/uploads\/2020\/11\/tracking-1-1-web-scaled-768x512.jpg 768w, https:\/\/seekandhit.com\/wp-content\/uploads\/2020\/11\/tracking-1-1-web-scaled-1536x1024.jpg 1536w, https:\/\/seekandhit.com\/wp-content\/uploads\/2020\/11\/tracking-1-1-web-scaled-2048x1366.jpg 2048w, https:\/\/seekandhit.com\/wp-content\/uploads\/2020\/11\/tracking-1-1-web-1950x1300.jpg 1950w, https:\/\/seekandhit.com\/wp-content\/uploads\/2020\/11\/tracking-1-1-web-1400x933.jpg 1400w, https:\/\/seekandhit.com\/wp-content\/uploads\/2020\/11\/tracking-1-1-web-1000x667.jpg 1000w, https:\/\/seekandhit.com\/wp-content\/uploads\/2020\/11\/tracking-1-1-web-600x400.jpg 600w, https:\/\/seekandhit.com\/wp-content\/uploads\/2020\/11\/tracking-1-1-web-250x167.jpg 250w\" \n                  sizes=\"(max-width: 2560px) 100vw, 2560px\" \n                  alt=\"\" \n                  class=\"image-text__image\" \n                \/>\n              \n              <h3 class=\"image-text__title h1\">\n                Tracking              <\/h3>\n              <p class=\"image-text__text text--alt\">\n                Samouvjereni smo u na\u0161e sposobnosti trackanja, ali isto za svaki slu\u010daj dr\u017eimo Sherlocka na brzom biranju.              <\/p>\n            <\/a>\n\n                    \n            \n            <a class=\"image-text image-text--diagonal-list hover-container--read-more intersect--expand\" href=\"https:\/\/seekandhit.com\/hr\/services\/automatizacija-kampanja\/\">\n\n                              <img \n                  src=\"Array\" \n                  srcset=\"https:\/\/seekandhit.com\/wp-content\/uploads\/2020\/11\/IMG_4397.jpg 2551w, https:\/\/seekandhit.com\/wp-content\/uploads\/2020\/11\/IMG_4397-300x200.jpg 300w, https:\/\/seekandhit.com\/wp-content\/uploads\/2020\/11\/IMG_4397-768x512.jpg 768w, https:\/\/seekandhit.com\/wp-content\/uploads\/2020\/11\/IMG_4397-1024x682.jpg 1024w, https:\/\/seekandhit.com\/wp-content\/uploads\/2020\/11\/IMG_4397-1536x1024.jpg 1536w, https:\/\/seekandhit.com\/wp-content\/uploads\/2020\/11\/IMG_4397-2048x1365.jpg 2048w, https:\/\/seekandhit.com\/wp-content\/uploads\/2020\/11\/IMG_4397-1950x1299.jpg 1950w, https:\/\/seekandhit.com\/wp-content\/uploads\/2020\/11\/IMG_4397-1400x933.jpg 1400w, https:\/\/seekandhit.com\/wp-content\/uploads\/2020\/11\/IMG_4397-1000x666.jpg 1000w, https:\/\/seekandhit.com\/wp-content\/uploads\/2020\/11\/IMG_4397-600x400.jpg 600w, https:\/\/seekandhit.com\/wp-content\/uploads\/2020\/11\/IMG_4397-250x167.jpg 250w\" \n                  sizes=\"(max-width: 2551px) 100vw, 2551px\" \n                  alt=\"\" \n                  class=\"image-text__image\" \n                \/>\n              \n              <h3 class=\"image-text__title h1\">\n                Automatizacija kampanja              <\/h3>\n              <p class=\"image-text__text text--alt\">\n                Osigurat \u0107emo da tvoje kampanje rade bez ikakvih pote\u0161ko\u0107a.              <\/p>\n            <\/a>\n\n                    \n            \n            <a class=\"image-text image-text--diagonal-list hover-container--read-more intersect--expand\" href=\"https:\/\/seekandhit.com\/hr\/services\/digitalna-strategija\/\">\n\n                              <img \n                  src=\"Array\" \n                  srcset=\"https:\/\/seekandhit.com\/wp-content\/uploads\/2020\/11\/digital-strategy-scaled.jpg 2560w, https:\/\/seekandhit.com\/wp-content\/uploads\/2020\/11\/digital-strategy-scaled-300x200.jpg 300w, https:\/\/seekandhit.com\/wp-content\/uploads\/2020\/11\/digital-strategy-scaled-1024x683.jpg 1024w, https:\/\/seekandhit.com\/wp-content\/uploads\/2020\/11\/digital-strategy-scaled-768x512.jpg 768w, https:\/\/seekandhit.com\/wp-content\/uploads\/2020\/11\/digital-strategy-scaled-1536x1024.jpg 1536w, https:\/\/seekandhit.com\/wp-content\/uploads\/2020\/11\/digital-strategy-scaled-2048x1366.jpg 2048w, https:\/\/seekandhit.com\/wp-content\/uploads\/2020\/11\/digital-strategy-1950x1300.jpg 1950w, https:\/\/seekandhit.com\/wp-content\/uploads\/2020\/11\/digital-strategy-1400x933.jpg 1400w, https:\/\/seekandhit.com\/wp-content\/uploads\/2020\/11\/digital-strategy-1000x667.jpg 1000w, https:\/\/seekandhit.com\/wp-content\/uploads\/2020\/11\/digital-strategy-600x400.jpg 600w, https:\/\/seekandhit.com\/wp-content\/uploads\/2020\/11\/digital-strategy-250x167.jpg 250w\" \n                  sizes=\"(max-width: 2560px) 100vw, 2560px\" \n                  alt=\"\" \n                  class=\"image-text__image\" \n                \/>\n              \n              <h3 class=\"image-text__title h1\">\n                Digitalna strategija              <\/h3>\n              <p class=\"image-text__text text--alt\">\n                Ne brini, ne mora biti u potpunosti digitalna, mo\u017eemo ju i isprintati. Najva\u017enije je da ju ima\u0161.              <\/p>\n            <\/a>\n\n                    \n            \n            <a class=\"image-text image-text--diagonal-list hover-container--read-more intersect--expand\" href=\"https:\/\/seekandhit.com\/hr\/services\/oglasavanje\/\">\n\n                              <img \n                  src=\"Array\" \n                  srcset=\"https:\/\/seekandhit.com\/wp-content\/uploads\/2020\/10\/advertising-small-1.jpg 552w, https:\/\/seekandhit.com\/wp-content\/uploads\/2020\/10\/advertising-small-1-300x186.jpg 300w, https:\/\/seekandhit.com\/wp-content\/uploads\/2020\/10\/advertising-small-1-250x155.jpg 250w\" \n                  sizes=\"(max-width: 552px) 100vw, 552px\" \n                  alt=\"\" \n                  class=\"image-text__image\" \n                \/>\n              \n              <h3 class=\"image-text__title h1\">\n                Ogla\u0161avanje              <\/h3>\n              <p class=\"image-text__text text--alt\">\n                Poprili\u010dno smo izravni. Ako vidimo da nema\u0161 velike koristi od ogla\u0161avanja, prvi smo koji \u0107e to re\u0107i.              <\/p>\n            <\/a>\n\n          \n          \n        <\/article>\n\n        \n      \n    <\/div>\n  <\/div>\n<\/div><\/div>","protected":false},"excerpt":{"rendered":"","protected":false},"author":1,"featured_media":0,"parent":0,"menu_order":0,"comment_status":"closed","ping_status":"closed","template":"","meta":[],"_links":{"self":[{"href":"https:\/\/seekandhit.com\/hr\/wp-json\/wp\/v2\/pages\/1201"}],"collection":[{"href":"https:\/\/seekandhit.com\/hr\/wp-json\/wp\/v2\/pages"}],"about":[{"href":"https:\/\/seekandhit.com\/hr\/wp-json\/wp\/v2\/types\/page"}],"author":[{"embeddable":true,"href":"https:\/\/seekandhit.com\/hr\/wp-json\/wp\/v2\/users\/1"}],"replies":[{"embeddable":true,"href":"https:\/\/seekandhit.com\/hr\/wp-json\/wp\/v2\/comments?post=1201"}],"version-history":[{"count":5,"href":"https:\/\/seekandhit.com\/hr\/wp-json\/wp\/v2\/pages\/1201\/revisions"}],"predecessor-version":[{"id":7460,"href":"https:\/\/seekandhit.com\/hr\/wp-json\/wp\/v2\/pages\/1201\/revisions\/7460"}],"wp:attachment":[{"href":"https:\/\/seekandhit.com\/hr\/wp-json\/wp\/v2\/media?parent=1201"}],"curies":[{"name":"wp","href":"https:\/\/api.w.org\/{rel}","templated":true}]}}