{"id":1289,"date":"2020-11-16T00:43:00","date_gmt":"2020-11-16T00:43:00","guid":{"rendered":"https:\/\/seekandhit.com\/?page_id=1289"},"modified":"2020-12-14T14:58:28","modified_gmt":"2020-12-14T13:58:28","slug":"studije-slucaja","status":"publish","type":"page","link":"https:\/\/seekandhit.com\/hr\/studije-slucaja\/","title":{"rendered":"Projekti"},"content":{"rendered":"<div class=\"wp-block-lazyblock-header-split lazyblock-header-split-Z2sfUFq\">\n<header class=\"header-split__container\">\n  <div class=\"header header-split\">\n    <div class=\"header-split__inner-container contained\">\n      <span class=\"header__top header-split__top\"><\/span>\n      <div class=\"header__text header-split__text title--large\">\n        <img src=\"https:\/\/seekandhit.com\/wp-content\/themes\/seekandhit-optimized\/images\/dots-gray-4x5.svg\" class=\"header__dots--4x5 header-split__dots--4x5\" alt=\"dots\" \/>\n        <img src=\"https:\/\/seekandhit.com\/wp-content\/themes\/seekandhit-optimized\/images\/dots-gray-4x6.svg\" class=\"header__dots--4x6 header-split__dots--4x6\" alt=\"dots\" \/>\n        <span class=\"header__tag header-split__tag\"><\/span>\n        <h1 class=\"title--large header__title header-split__title\">\n          <span class=\"header-split__title--italic\">Projekti<\/span> na kojima smo radili        <\/h1>\n        <h4 class=\"h4 header-subtitle header-split__subtitle\">\n          Standardna muzejska pravila &#8220;Gledaj, ali ne diraj!&#8221; ovdje ne vrijede. Gledaj, diraj, klikaj, downloadaj, radi \u0161to \u017eeli\u0161.         <\/h4>\n      <\/div>\n      <div class=\"header__bottom header-split__bottom\">\n        <img src=\"https:\/\/seekandhit.com\/wp-content\/themes\/seekandhit-optimized\/images\/header-arrow-icon-grey.svg\" class=\"header-split__arrow\" alt=\"arrow down\" \/>\n        <span class=\"bottom__label text--main\">\n          Scrollaj dolje        <\/span>\n      <\/div>\n    <\/div>\n  <\/div>\n  <div class=\"header-split__right\">\n\n          <img src=https:\/\/seekandhit.com\/wp-content\/uploads\/2020\/11\/meet-the-team-scaled.jpg class=\"header-split__background\" alt=__Projekti__ na kojima smo radili \/>\n    \n  <\/div>\n<\/header><\/div>\n\n<div class=\"wp-block-lazyblock-work-listings lazyblock-work-listings-Z77MrL\">\n<div class=\"diagonal-list__container\">\n  <div class=\"diagonal-list contained\">\n    <div class=\"diagonal-list__text\">\n      <h2 class=\"diagonal-list__title h1\">\n        Studije slu\u010daja      <\/h2>\n      <p class=\"diagonal-list__subtitle text--main\">\n        Ne dr\u017eimo ih ispisane na fri\u017eideru, ali smo jako ponosni na njih.      <\/p>\n\n      \n        <div class=\"diagonal-list__items\">\n\n          \n            \n            \n            <a class=\"image-text image-text--diagonal-list hover-container--read-more-opaque intersect--expand\" href=\"https:\/\/seekandhit.com\/hr\/work\/rising-volumes-and-profits-my-luxorias-journey%ef%bf%bc\/\">\n                              <img \n                  src=\"Array\" \n                  srcset=\"https:\/\/seekandhit.com\/wp-content\/uploads\/2022\/11\/IMG_4564.jpg 1500w, https:\/\/seekandhit.com\/wp-content\/uploads\/2022\/11\/IMG_4564-300x200.jpg 300w, https:\/\/seekandhit.com\/wp-content\/uploads\/2022\/11\/IMG_4564-768x512.jpg 768w, https:\/\/seekandhit.com\/wp-content\/uploads\/2022\/11\/IMG_4564-1024x683.jpg 1024w\" \n                  sizes=\"(max-width: 1500px) 100vw, 1500px\" \n                  alt=\"data analytics\" \n                  class=\"image-text__image\" \n                \/>\n                            <h3 class=\"image-text__title h1\">\n                Rising volumes and profits: My Luxoria&#8217;s journey\ufffc              <\/h3>\n              <div class=\"image-text__tag image-text__tag--diagonal text--alt\"><div><div class=\"dot dot--green\"><\/div><p class=\"image-tag__text text--main\">Case study<\/p><\/div><\/div>            <\/a>\n\n          \n            \n            \n            <a class=\"image-text image-text--diagonal-list hover-container--read-more-opaque intersect--expand\" href=\"https:\/\/seekandhit.com\/hr\/work\/loreal-boosting-high-end-beauty-performance\/\">\n                              <img \n                  src=\"Array\" \n                  srcset=\"https:\/\/seekandhit.com\/wp-content\/uploads\/2025\/01\/Nike_2-scaled.jpeg 2560w, https:\/\/seekandhit.com\/wp-content\/uploads\/2025\/01\/Nike_2-scaled-300x200.jpeg 300w, https:\/\/seekandhit.com\/wp-content\/uploads\/2025\/01\/Nike_2-scaled-1024x683.jpeg 1024w, https:\/\/seekandhit.com\/wp-content\/uploads\/2025\/01\/Nike_2-scaled-768x512.jpeg 768w, https:\/\/seekandhit.com\/wp-content\/uploads\/2025\/01\/Nike_2-scaled-1536x1024.jpeg 1536w, https:\/\/seekandhit.com\/wp-content\/uploads\/2025\/01\/Nike_2-scaled-2048x1366.jpeg 2048w\" \n                  sizes=\"(max-width: 2560px) 100vw, 2560px\" \n                  alt=\"\" \n                  class=\"image-text__image\" \n                \/>\n                            <h3 class=\"image-text__title h1\">\n                L&#8217;Or\u00e9al: Boosting High-End Beauty Performance              <\/h3>\n              <div class=\"image-text__tag image-text__tag--diagonal text--alt\"><div><div class=\"dot dot--green\"><\/div><p class=\"image-tag__text text--main\">Case study<\/p><\/div><\/div>            <\/a>\n\n          \n            \n            \n            <a class=\"image-text image-text--diagonal-list hover-container--read-more-opaque intersect--expand\" href=\"https:\/\/seekandhit.com\/hr\/work\/blue-cave-tour-transforming-leads\/\">\n                              <img \n                  src=\"Array\" \n                  srcset=\"https:\/\/seekandhit.com\/wp-content\/uploads\/2020\/11\/IMG_0332.jpg 2151w, https:\/\/seekandhit.com\/wp-content\/uploads\/2020\/11\/IMG_0332-300x200.jpg 300w, https:\/\/seekandhit.com\/wp-content\/uploads\/2020\/11\/IMG_0332-768x512.jpg 768w, https:\/\/seekandhit.com\/wp-content\/uploads\/2020\/11\/IMG_0332-1024x683.jpg 1024w, https:\/\/seekandhit.com\/wp-content\/uploads\/2020\/11\/IMG_0332-1536x1024.jpg 1536w, https:\/\/seekandhit.com\/wp-content\/uploads\/2020\/11\/IMG_0332-2048x1365.jpg 2048w, https:\/\/seekandhit.com\/wp-content\/uploads\/2020\/11\/IMG_0332-1950x1300.jpg 1950w, https:\/\/seekandhit.com\/wp-content\/uploads\/2020\/11\/IMG_0332-1400x933.jpg 1400w, https:\/\/seekandhit.com\/wp-content\/uploads\/2020\/11\/IMG_0332-1000x667.jpg 1000w, https:\/\/seekandhit.com\/wp-content\/uploads\/2020\/11\/IMG_0332-600x400.jpg 600w, https:\/\/seekandhit.com\/wp-content\/uploads\/2020\/11\/IMG_0332-250x167.jpg 250w\" \n                  sizes=\"(max-width: 2151px) 100vw, 2151px\" \n                  alt=\"\" \n                  class=\"image-text__image\" \n                \/>\n                            <h3 class=\"image-text__title h1\">\n                Blue Cave Tour: Transforming Leads              <\/h3>\n              <div class=\"image-text__tag image-text__tag--diagonal text--alt\"><div><div class=\"dot dot--green\"><\/div><p class=\"image-tag__text text--main\">Advertising<\/p><\/div><\/div><div class=\"image-text__tag image-text__tag--diagonal text--alt\"><div><div class=\"dot dot--green\"><\/div><p class=\"image-tag__text text--main\">Case study<\/p><\/div><\/div>            <\/a>\n\n          \n            \n            \n            <a class=\"image-text image-text--diagonal-list hover-container--read-more-opaque intersect--expand\" href=\"https:\/\/seekandhit.com\/hr\/work\/redefining-b2b-advertising-strategy\/\">\n                              <img \n                  src=\"Array\" \n                  srcset=\"https:\/\/seekandhit.com\/wp-content\/uploads\/2022\/11\/IMG_1679_web.jpg 2000w, https:\/\/seekandhit.com\/wp-content\/uploads\/2022\/11\/IMG_1679_web-300x200.jpg 300w, https:\/\/seekandhit.com\/wp-content\/uploads\/2022\/11\/IMG_1679_web-768x512.jpg 768w, https:\/\/seekandhit.com\/wp-content\/uploads\/2022\/11\/IMG_1679_web-1024x682.jpg 1024w, https:\/\/seekandhit.com\/wp-content\/uploads\/2022\/11\/IMG_1679_web-1536x1024.jpg 1536w\" \n                  sizes=\"(max-width: 2000px) 100vw, 2000px\" \n                  alt=\"\" \n                  class=\"image-text__image\" \n                \/>\n                            <h3 class=\"image-text__title h1\">\n                Lemax: Redefining B2B Advertising Strategy              <\/h3>\n                          <\/a>\n\n          \n            \n            \n            <a class=\"image-text image-text--diagonal-list hover-container--read-more-opaque intersect--expand\" href=\"https:\/\/seekandhit.com\/hr\/work\/kiwi-com\/\">\n                              <img \n                  src=\"Array\" \n                  srcset=\"https:\/\/seekandhit.com\/wp-content\/uploads\/2023\/07\/Duje-2-1-scaled.jpeg 2560w, https:\/\/seekandhit.com\/wp-content\/uploads\/2023\/07\/Duje-2-1-scaled-300x200.jpeg 300w, https:\/\/seekandhit.com\/wp-content\/uploads\/2023\/07\/Duje-2-1-scaled-1024x683.jpeg 1024w, https:\/\/seekandhit.com\/wp-content\/uploads\/2023\/07\/Duje-2-1-scaled-768x512.jpeg 768w, https:\/\/seekandhit.com\/wp-content\/uploads\/2023\/07\/Duje-2-1-scaled-1536x1024.jpeg 1536w, https:\/\/seekandhit.com\/wp-content\/uploads\/2023\/07\/Duje-2-1-scaled-2048x1366.jpeg 2048w\" \n                  sizes=\"(max-width: 2560px) 100vw, 2560px\" \n                  alt=\"\" \n                  class=\"image-text__image\" \n                \/>\n                            <h3 class=\"image-text__title h1\">\n                Kiwi.com: Increasing direct bookings              <\/h3>\n              <div class=\"image-text__tag image-text__tag--diagonal text--alt\"><div><div class=\"dot dot--green\"><\/div><p class=\"image-tag__text text--main\">Advertising<\/p><\/div><\/div><div class=\"image-text__tag image-text__tag--diagonal text--alt\"><div><div class=\"dot dot--green\"><\/div><p class=\"image-tag__text text--main\">Case study<\/p><\/div><\/div>            <\/a>\n\n          \n            \n            \n            <a class=\"image-text image-text--diagonal-list hover-container--read-more-opaque intersect--expand\" href=\"https:\/\/seekandhit.com\/hr\/work\/podravka\/\">\n                              <img \n                  src=\"Array\" \n                  srcset=\"https:\/\/seekandhit.com\/wp-content\/uploads\/2021\/01\/Podravka-CS.jpg 1762w, https:\/\/seekandhit.com\/wp-content\/uploads\/2021\/01\/Podravka-CS-300x200.jpg 300w, https:\/\/seekandhit.com\/wp-content\/uploads\/2021\/01\/Podravka-CS-768x512.jpg 768w, https:\/\/seekandhit.com\/wp-content\/uploads\/2021\/01\/Podravka-CS-1024x683.jpg 1024w, https:\/\/seekandhit.com\/wp-content\/uploads\/2021\/01\/Podravka-CS-1536x1024.jpg 1536w\" \n                  sizes=\"(max-width: 1762px) 100vw, 1762px\" \n                  alt=\"podravka-case-study\" \n                  class=\"image-text__image\" \n                \/>\n                            <h3 class=\"image-text__title h1\">\n                Podravka: 10+ years of advertising              <\/h3>\n              <div class=\"image-text__tag image-text__tag--diagonal text--alt\"><div><div class=\"dot dot--green\"><\/div><p class=\"image-tag__text text--main\">Advertising<\/p><\/div><\/div>            <\/a>\n\n          \n            \n            \n            <a class=\"image-text image-text--diagonal-list hover-container--read-more-opaque intersect--expand\" href=\"https:\/\/seekandhit.com\/hr\/work\/bike-hr\/\">\n                              <img \n                  src=\"Array\" \n                  srcset=\"https:\/\/seekandhit.com\/wp-content\/uploads\/2021\/01\/7-2-scaled.jpg 2560w, https:\/\/seekandhit.com\/wp-content\/uploads\/2021\/01\/7-2-scaled-300x200.jpg 300w, https:\/\/seekandhit.com\/wp-content\/uploads\/2021\/01\/7-2-scaled-1024x683.jpg 1024w, https:\/\/seekandhit.com\/wp-content\/uploads\/2021\/01\/7-2-scaled-768x512.jpg 768w, https:\/\/seekandhit.com\/wp-content\/uploads\/2021\/01\/7-2-scaled-1536x1024.jpg 1536w, https:\/\/seekandhit.com\/wp-content\/uploads\/2021\/01\/7-2-scaled-2048x1366.jpg 2048w, https:\/\/seekandhit.com\/wp-content\/uploads\/2021\/01\/7-2-1950x1300.jpg 1950w, https:\/\/seekandhit.com\/wp-content\/uploads\/2021\/01\/7-2-1400x933.jpg 1400w, https:\/\/seekandhit.com\/wp-content\/uploads\/2021\/01\/7-2-1000x667.jpg 1000w, https:\/\/seekandhit.com\/wp-content\/uploads\/2021\/01\/7-2-600x400.jpg 600w, https:\/\/seekandhit.com\/wp-content\/uploads\/2021\/01\/7-2-250x167.jpg 250w\" \n                  sizes=\"(max-width: 2560px) 100vw, 2560px\" \n                  alt=\"Bike.hr case study\" \n                  class=\"image-text__image\" \n                \/>\n                            <h3 class=\"image-text__title h1\">\n                Bike.hr: Increasing Ad Revenue by 118%              <\/h3>\n              <div class=\"image-text__tag image-text__tag--diagonal text--alt\"><div><div class=\"dot dot--green\"><\/div><p class=\"image-tag__text text--main\">Advertising<\/p><\/div><\/div>            <\/a>\n\n          \n            \n            \n            <a class=\"image-text image-text--diagonal-list hover-container--read-more-opaque intersect--expand\" href=\"https:\/\/seekandhit.com\/hr\/work\/valamar\/\">\n                              <img \n                  src=\"Array\" \n                  srcset=\"https:\/\/seekandhit.com\/wp-content\/uploads\/2020\/11\/Webp.net-compress-image-scaled.jpg 2560w, https:\/\/seekandhit.com\/wp-content\/uploads\/2020\/11\/Webp.net-compress-image-scaled-300x200.jpg 300w, https:\/\/seekandhit.com\/wp-content\/uploads\/2020\/11\/Webp.net-compress-image-scaled-1024x682.jpg 1024w, https:\/\/seekandhit.com\/wp-content\/uploads\/2020\/11\/Webp.net-compress-image-scaled-768x512.jpg 768w, https:\/\/seekandhit.com\/wp-content\/uploads\/2020\/11\/Webp.net-compress-image-scaled-1536x1024.jpg 1536w, https:\/\/seekandhit.com\/wp-content\/uploads\/2020\/11\/Webp.net-compress-image-scaled-2048x1365.jpg 2048w\" \n                  sizes=\"(max-width: 2560px) 100vw, 2560px\" \n                  alt=\"\" \n                  class=\"image-text__image\" \n                \/>\n                            <h3 class=\"image-text__title h1\">\n                Valamar: Decreasing Cost of Sale by 61%              <\/h3>\n              <div class=\"image-text__tag image-text__tag--diagonal text--alt\"><div><div class=\"dot dot--green\"><\/div><p class=\"image-tag__text text--main\">Digital Strategy<\/p><\/div><\/div>            <\/a>\n\n          \n            \n            \n            <a class=\"image-text image-text--diagonal-list hover-container--read-more-opaque intersect--expand\" href=\"https:\/\/seekandhit.com\/hr\/work\/vitapur\/\">\n                              <img \n                  src=\"Array\" \n                  srcset=\"https:\/\/seekandhit.com\/wp-content\/uploads\/2020\/11\/5a-1-scaled.jpg 2560w, https:\/\/seekandhit.com\/wp-content\/uploads\/2020\/11\/5a-1-scaled-300x200.jpg 300w, https:\/\/seekandhit.com\/wp-content\/uploads\/2020\/11\/5a-1-scaled-1024x682.jpg 1024w, https:\/\/seekandhit.com\/wp-content\/uploads\/2020\/11\/5a-1-scaled-768x512.jpg 768w, https:\/\/seekandhit.com\/wp-content\/uploads\/2020\/11\/5a-1-scaled-1536x1023.jpg 1536w, https:\/\/seekandhit.com\/wp-content\/uploads\/2020\/11\/5a-1-scaled-2048x1364.jpg 2048w, https:\/\/seekandhit.com\/wp-content\/uploads\/2020\/11\/5a-1-1950x1299.jpg 1950w, https:\/\/seekandhit.com\/wp-content\/uploads\/2020\/11\/5a-1-1400x932.jpg 1400w, https:\/\/seekandhit.com\/wp-content\/uploads\/2020\/11\/5a-1-1000x666.jpg 1000w, https:\/\/seekandhit.com\/wp-content\/uploads\/2020\/11\/5a-1-600x400.jpg 600w, https:\/\/seekandhit.com\/wp-content\/uploads\/2020\/11\/5a-1-250x166.jpg 250w\" \n                  sizes=\"(max-width: 2560px) 100vw, 2560px\" \n                  alt=\"Vitapur case study\" \n                  class=\"image-text__image\" \n                \/>\n                            <h3 class=\"image-text__title h1\">\n                Vitapur: Increasing Webshop Revenue by 78%              <\/h3>\n              <div class=\"image-text__tag image-text__tag--diagonal text--alt\"><div><div class=\"dot dot--green\"><\/div><p class=\"image-tag__text text--main\">Advertising<\/p><\/div><\/div>            <\/a>\n\n          \n            \n            \n            <a class=\"image-text image-text--diagonal-list hover-container--read-more-opaque intersect--expand\" href=\"https:\/\/seekandhit.com\/hr\/work\/nsoft\/\">\n                              <img \n                  src=\"Array\" \n                  srcset=\"https:\/\/seekandhit.com\/wp-content\/uploads\/2020\/10\/14a-1-scaled.jpg 2560w, https:\/\/seekandhit.com\/wp-content\/uploads\/2020\/10\/14a-1-scaled-300x200.jpg 300w, https:\/\/seekandhit.com\/wp-content\/uploads\/2020\/10\/14a-1-scaled-1024x683.jpg 1024w, https:\/\/seekandhit.com\/wp-content\/uploads\/2020\/10\/14a-1-scaled-768x512.jpg 768w, https:\/\/seekandhit.com\/wp-content\/uploads\/2020\/10\/14a-1-scaled-1536x1024.jpg 1536w, https:\/\/seekandhit.com\/wp-content\/uploads\/2020\/10\/14a-1-scaled-2048x1366.jpg 2048w\" \n                  sizes=\"(max-width: 2560px) 100vw, 2560px\" \n                  alt=\"\" \n                  class=\"image-text__image\" \n                \/>\n                            <h3 class=\"image-text__title h1\">\n                NSoft: Using Machine Learning to Discover Competition              <\/h3>\n              <div class=\"image-text__tag image-text__tag--diagonal text--alt\"><div><div class=\"dot dot--green\"><\/div><p class=\"image-tag__text text--main\">Professional Data<\/p><\/div><\/div>            <\/a>\n\n          \n            \n            \n            <a class=\"image-text image-text--diagonal-list hover-container--read-more-opaque intersect--expand\" href=\"https:\/\/seekandhit.com\/hr\/work\/skolska-knjiga\/\">\n                              <img \n                  src=\"Array\" \n                  srcset=\"https:\/\/seekandhit.com\/wp-content\/uploads\/2020\/10\/skolska-knjiga-case-study-scaled.jpg 2560w, https:\/\/seekandhit.com\/wp-content\/uploads\/2020\/10\/skolska-knjiga-case-study-scaled-300x200.jpg 300w, https:\/\/seekandhit.com\/wp-content\/uploads\/2020\/10\/skolska-knjiga-case-study-scaled-1024x683.jpg 1024w, https:\/\/seekandhit.com\/wp-content\/uploads\/2020\/10\/skolska-knjiga-case-study-scaled-768x512.jpg 768w, https:\/\/seekandhit.com\/wp-content\/uploads\/2020\/10\/skolska-knjiga-case-study-scaled-1536x1024.jpg 1536w, https:\/\/seekandhit.com\/wp-content\/uploads\/2020\/10\/skolska-knjiga-case-study-scaled-2048x1366.jpg 2048w\" \n                  sizes=\"(max-width: 2560px) 100vw, 2560px\" \n                  alt=\"\" \n                  class=\"image-text__image\" \n                \/>\n                            <h3 class=\"image-text__title h1\">\n                \u0160kolska knjiga: Achieving ROI of 1602%              <\/h3>\n              <div class=\"image-text__tag image-text__tag--diagonal text--alt\"><div><div class=\"dot dot--green\"><\/div><p class=\"image-tag__text text--main\">Advertising<\/p><\/div><\/div>            <\/a>\n\n          \n          \n            <div class=\"image-text image-text--diagonal-list diagonal-list__dots\">\n              <img src=\"https:\/\/seekandhit.com\/wp-content\/themes\/seekandhit-optimized\/images\/dots-gray-4x7.svg\" class=\"image-text__image\" alt=\"dots\" \/>\n            <\/div>\n\n          \n        <\/div>\n\n        \n      \n    <\/div>\n  <\/div>\n<\/div><\/div>\n\n<div class=\"wp-block-lazyblock-widget-classic-cta lazyblock-widget-classic-cta-Z1DnJt2\">\n<div class=\"headline-CTA-image__container headline-CTA-image__container--gray headline-CTA-image__container--small\">\n  <div class=\"headline-CTA-image contained\">\n\n    \n    <div class=\"headline-CTA-image__text\">\n      <h3 class=\"headline-CTA-image__title h1\">\n        Idemo sura\u0111ivati      <\/h3>\n      <p class=\"headline-CTA-image__subtitle text--main\">\n        Sanja\u0161 o velikim stvarima? Odli\u010dno! I mi isto. Idemo napraviti ne\u0161to zajedno.      <\/p>\n      <a href=\"https:\/\/seekandhit.com\/hr\/kontakt\/\" class=\"headline-CTA-image__button button button--red\">\n        Kontaktiraj nas      <\/a>\n    <\/div>\n          <div class=\"headline-CTA-image__images__photo max-full-width\">\n                <img src=\"https:\/\/seekandhit.com\/wp-content\/themes\/seekandhit-optimized\/images\/dots-gray-5x9.svg\" class=\"headline-CTA-image__dots\"\/>      <\/div>\n    \n  <\/div>\n<\/div>\n<\/div>","protected":false},"excerpt":{"rendered":"","protected":false},"author":1,"featured_media":0,"parent":0,"menu_order":0,"comment_status":"closed","ping_status":"closed","template":"","meta":[],"_links":{"self":[{"href":"https:\/\/seekandhit.com\/hr\/wp-json\/wp\/v2\/pages\/1289"}],"collection":[{"href":"https:\/\/seekandhit.com\/hr\/wp-json\/wp\/v2\/pages"}],"about":[{"href":"https:\/\/seekandhit.com\/hr\/wp-json\/wp\/v2\/types\/page"}],"author":[{"embeddable":true,"href":"https:\/\/seekandhit.com\/hr\/wp-json\/wp\/v2\/users\/1"}],"replies":[{"embeddable":true,"href":"https:\/\/seekandhit.com\/hr\/wp-json\/wp\/v2\/comments?post=1289"}],"version-history":[{"count":11,"href":"https:\/\/seekandhit.com\/hr\/wp-json\/wp\/v2\/pages\/1289\/revisions"}],"predecessor-version":[{"id":7453,"href":"https:\/\/seekandhit.com\/hr\/wp-json\/wp\/v2\/pages\/1289\/revisions\/7453"}],"wp:attachment":[{"href":"https:\/\/seekandhit.com\/hr\/wp-json\/wp\/v2\/media?parent=1289"}],"curies":[{"name":"wp","href":"https:\/\/api.w.org\/{rel}","templated":true}]}}