{"id":6968,"date":"2020-11-24T20:29:44","date_gmt":"2020-11-24T19:29:44","guid":{"rendered":"https:\/\/seekandhit.com\/?page_id=6968"},"modified":"2020-11-27T10:55:23","modified_gmt":"2020-11-27T09:55:23","slug":"auto-draft","status":"publish","type":"page","link":"https:\/\/seekandhit.com\/hr\/","title":{"rendered":"Naslovnica"},"content":{"rendered":"<div class=\"wp-block-lazyblock-header-homepage lazyblock-header-homepage-Z1rCkfA\">\n<header class=\"header-video__container header-video__container--transparent \">\n      <img src=\"https:\/\/seekandhit.com\/wp-content\/uploads\/2020\/11\/digital-marketing-hall-3-1-scaled.jpg\" class=\"header__background header-video__background\" alt=\"\" \/>\n    <!-- <video src=\"https:\/\/seekandhit.com\/wp-content\/themes\/seekandhit-optimized\/images\/video.mov\" class=\"header__background header-video__background\" autoplay muted loop><\/video> -->\n  <div class=\"header header-video contained\">\n    <div class=\"header__text header-video__text \">\n      <img src=\"https:\/\/seekandhit.com\/wp-content\/themes\/seekandhit-optimized\/images\/dots-white-4x9.svg\" class=\"header__dots--4x9 header-video__dots--4x9\" alt=\"dots\" \/>\n      <img src=\"https:\/\/seekandhit.com\/wp-content\/themes\/seekandhit-optimized\/images\/dots-white-4x7.svg\" class=\"header__dots--4x7 header-video__dots--4x7\" alt=\"dots\" \/>\n      <h1 class=\"title--large header__title header-video__title\">\n        <i class=\"header__title--italic header-video__title--italic\">Digitalni marketing<\/i> koji donosi rezultate.      <\/h1>\n      <h4 class=\"h4 header__subtitle header-video__subtitle\">\n        Prilago\u0111en va\u0161im potrebama, od stru\u010dnjaka sa internacionalnim iskustvom      <\/h4>\n    <\/div>\n  <\/div>\n<\/header><\/div>\n\n<div class=\"wp-block-lazyblock-services-numbered-list lazyblock-services-numbered-list-Z2oVsem\">\n<div class=\"services\">\n  <span class=\"services__text text--main contained\">\n    Usluge koje nudimo  <\/span>\n\n  \n    \n    \n      \n        <div class=\"services__primary\">\n          <div class=\"services__row contained\">\n            <span class=\"services__row__container\">\n              <a class=\"services__row__text title--medium hover-container--read-more\" href=\"https:\/\/seekandhit.com\/hr\/services\/tracking\/\">\n                Tracking                <span class=\"services__number__container\">\n                  <div class=\"services__number caption\">\n                    01                  <\/div>\n                <\/span>\n              <\/a>\n            <\/span>\n          <\/div>\n        <\/div>\n\n\n        \n                  <div class=\"showcase__widget showcase__widget--services\">\n            <div class=\"showcase__widget__wrapper showcase__widget__wrapper--services contained\">\n              <div class=\"showcase showcase--services\">\n\n\n                                  \n                  <a href=\"https:\/\/seekandhit.com\/hr\/tracking\/utjecaj-besplatne-dostave-na-online-prodaju\/\" class=\"showcase__item showcase__item--services hover-container--read-more-opaque\">\n                    <article>\n                      <img src=\"https:\/\/seekandhit.com\/wp-content\/uploads\/2020\/11\/space-invaders-seekandhit-2-scaled.jpg\" alt=\"Utjecaj besplatne dostave na online prodaju\" class=\"showcase__image showcase__image--services\" \/>\n                      <h4 class=\"showcase__title showcase__title--services h4\">\n                        Utjecaj besplatne dostave na online prodaju                      <\/h4>\n                      <div class=\"showcase__item__tag showcase__item__tag--red\">\n                        <div class=\"dot dot--red\"><\/div>\n                        <p class=\"text--main\">\n                          Article                        <\/p>\n                      <\/div>\n                    <\/article>\n                  <\/a>\n\n                                  \n                  <a href=\"https:\/\/seekandhit.com\/hr\/tracking\/atribucija-i-krivi-zakljucci-iz-tocnih-podataka\/\" class=\"showcase__item showcase__item--services hover-container--read-more-opaque\">\n                    <article>\n                      <img src=\"https:\/\/seekandhit.com\/wp-content\/uploads\/2020\/11\/IMG_0592b.jpg\" alt=\"Atribucija i krivi zaklju\u010dci iz to\u010dnih podataka\" class=\"showcase__image showcase__image--services\" \/>\n                      <h4 class=\"showcase__title showcase__title--services h4\">\n                        Atribucija i krivi zaklju\u010dci iz to\u010dnih podataka                      <\/h4>\n                      <div class=\"showcase__item__tag showcase__item__tag--red\">\n                        <div class=\"dot dot--red\"><\/div>\n                        <p class=\"text--main\">\n                          Article                        <\/p>\n                      <\/div>\n                    <\/article>\n                  <\/a>\n\n                                  \n                  <a href=\"https:\/\/seekandhit.com\/hr\/tracking\/analiza-kohorti-u-google-analyticsu\/\" class=\"showcase__item showcase__item--services hover-container--read-more-opaque\">\n                    <article>\n                      <img src=\"https:\/\/seekandhit.com\/wp-content\/uploads\/2020\/11\/IMG_3698.jpg\" alt=\"Analiza kohorti u Google Analyticsu\" class=\"showcase__image showcase__image--services\" \/>\n                      <h4 class=\"showcase__title showcase__title--services h4\">\n                        Analiza kohorti u Google Analyticsu                      <\/h4>\n                      <div class=\"showcase__item__tag showcase__item__tag--red\">\n                        <div class=\"dot dot--red\"><\/div>\n                        <p class=\"text--main\">\n                          Article                        <\/p>\n                      <\/div>\n                    <\/article>\n                  <\/a>\n\n                              <\/div>\n            <\/div>\n          <\/div>\n          <div class=\"services__secondary\">\n            <img src=\"https:\/\/seekandhit.com\/wp-content\/themes\/seekandhit-optimized\/images\/dots-gray-4x7.svg\" class=\"services__dots\" \/>\n          \n\n        \n      \n                <div class=\"services__secondary\">\n            <div class=\"services__row contained\">\n              <span class=\"services__row__container\">\n                <span class=\"services__row__text title--medium\">\n                  <a class=\"services__row__text title--medium hover-container--read-more\" href=\"https:\/\/seekandhit.com\/hr\/services\/automatizacija-kampanja\/\">\n                    Automatizacija kampanja                  <\/a>\n                  <span class=\"services__number__container\">\n                    <div class=\"services__number caption\">\n                      02                    <\/div>\n                  <\/span>\n                <\/span>\n              <\/span>\n            <\/div>\n          <\/div>\n        \n      \n                <div class=\"services__secondary\">\n            <div class=\"services__row contained\">\n              <span class=\"services__row__container\">\n                <span class=\"services__row__text title--medium\">\n                  <a class=\"services__row__text title--medium hover-container--read-more\" href=\"https:\/\/seekandhit.com\/hr\/services\/digitalna-strategija\/\">\n                    Digitalna strategija                  <\/a>\n                  <span class=\"services__number__container\">\n                    <div class=\"services__number caption\">\n                      03                    <\/div>\n                  <\/span>\n                <\/span>\n              <\/span>\n            <\/div>\n          <\/div>\n        \n      \n                <div class=\"services__secondary\">\n            <div class=\"services__row contained\">\n              <span class=\"services__row__container\">\n                <span class=\"services__row__text title--medium\">\n                  <a class=\"services__row__text title--medium hover-container--read-more\" href=\"https:\/\/seekandhit.com\/hr\/services\/oglasavanje\/\">\n                    Ogla\u0161avanje                  <\/a>\n                  <span class=\"services__number__container\">\n                    <div class=\"services__number caption\">\n                      04                    <\/div>\n                  <\/span>\n                <\/span>\n              <\/span>\n            <\/div>\n          <\/div>\n        \n      \n                <div class=\"services__secondary\">\n            <div class=\"services__row contained\">\n              <span class=\"services__row__container\">\n                <span class=\"services__row__text title--medium\">\n                  <a class=\"services__row__text title--medium hover-container--read-more\" href=\"https:\/\/seekandhit.com\/hr\/services\/upravljanje-podacima\/\">\n                    Upravljanje podacima                  <\/a>\n                  <span class=\"services__number__container\">\n                    <div class=\"services__number caption\">\n                      05                    <\/div>\n                  <\/span>\n                <\/span>\n              <\/span>\n            <\/div>\n          <\/div>\n        \n      \n                <div class=\"services__secondary\">\n            <div class=\"services__row contained\">\n              <span class=\"services__row__container\">\n                <span class=\"services__row__text title--medium\">\n                  <a class=\"services__row__text title--medium hover-container--read-more\" href=\"https:\/\/seekandhit.com\/hr\/services\/analiza-weba-i-korisnika\/\">\n                    Analiza weba i korisnika                  <\/a>\n                  <span class=\"services__number__container\">\n                    <div class=\"services__number caption\">\n                      06                    <\/div>\n                  <\/span>\n                <\/span>\n              <\/span>\n            <\/div>\n          <\/div>\n        \n                <\/div>\n                  <\/div><\/div>\n\n<div class=\"wp-block-lazyblock-widget-classic-gallery lazyblock-widget-classic-gallery-Z1bCVSK\">\n<div class=\"headline-image__container headline-image__container--gray\">\n  <div class=\"headline-image contained\">\n    <div class=\"headline-image__text\">\n      <h3 class=\"headline-image__title title--medium\">\n        Na\u0161a ku\u0107a slavnih      <\/h3>\n      <p class=\"headline-image__subtitle text--main\">\n        Ne trebaju nam nagrade da bi znali ako ne\u0161to dobro radimo, no dobro do\u0111u kad treba ostaviti dobar prvi dojam.       <\/p>\n    <\/div>\n    <div class=\"headline-image__images\">\n                        <img src=https:\/\/seekandhit.com\/wp-content\/uploads\/2020\/11\/deloitte-1.jpg class=\"headline-image__photo\" alt= \/>\n                  <img src=https:\/\/seekandhit.com\/wp-content\/uploads\/2020\/11\/google-1.jpg class=\"headline-image__photo\" alt= \/>\n                  <img src=https:\/\/seekandhit.com\/wp-content\/uploads\/2020\/11\/fejs-1.jpg class=\"headline-image__photo\" alt= \/>\n                    <img src=\"https:\/\/seekandhit.com\/wp-content\/themes\/seekandhit-optimized\/images\/dots-gray-mirrored-L.svg\" class=\"headline-image__dots-5x7\"\/><img src=\"https:\/\/seekandhit.com\/wp-content\/themes\/seekandhit-optimized\/images\/dots-white-1x7-blue-3x7.svg\" class=\"headline-image__dots-4x7\"\/>    <\/div>\n  <\/div>\n<\/div><\/div>\n\n<div class=\"wp-block-lazyblock-trusted-partners lazyblock-trusted-partners-Z1Iwprv\">\n<div class=\"clients\">\n  <div class=\"clients__text contained\">\n    <h3 class=\"client__title title--medium\">\n      \u0160to drugi ka\u017eu o nama    <\/h3>\n    <p class=\"clients__subtitle text--main\">\n      Jednostavno zvu\u010di bolje kad \u010dujete od nekog drugog kako radimo. Recimo, od na\u0161ih klijenata; imamo recenzije bolje nego <strong class=\"tooltip\">The Shawshank Redemption.<span class=\"tooltip-content\">SeekandHit NPS rezultat: 9.42, Shawshank Redemption IMDB rezultat: 9.3<\/span><\/strong>    <\/p>\n  <\/div>\n\n  <div class=\"clients__bottom\">\n    <div class=\"clients__reviews__arrows contained\">\n      <img src=\"https:\/\/seekandhit.com\/wp-content\/themes\/seekandhit-optimized\/images\/icon-arrow-left.svg\" class=\"clients__reviews__arrow clients__reviews__arrow--left\" \/>\n      <img src=\"https:\/\/seekandhit.com\/wp-content\/themes\/seekandhit-optimized\/images\/icon-arrow-right.svg\" class=\"clients__reviews__arrow clients__reviews__arrow--right\" \/>\n    <\/div>\n    \n          <div class=\"clients__reviews\">\n        <div class=\"wp-block-lazyblock-meta-trusted-partner lazyblock-meta-trusted-partner-7Kx10\">\n<div class=\"clients__reviews__review\">\n  <img src=\"https:\/\/seekandhit.com\/wp-content\/uploads\/2020\/10\/emmezeta.png\" class=\"review__image\" alt=\"Emmezeta\" \/>\n  <p class=\"review__text text--main\">\n    &#8221;\n    SeekandHit je na\u0161 idealni partner jer, osim \u0161to su uvijek proaktivni, njihova stru\u010dnost prote\u017ee se i u ostalim aspektima na\u0161eg poslovanja uz ogla\u0161avanje.    &#8221;\n  <\/p>\n  <span class=\"review__author text--alt\">\u2014 Vanda Christ<\/span>\n<\/div><\/div>\n\n<div class=\"wp-block-lazyblock-meta-trusted-partner lazyblock-meta-trusted-partner-1wk39N\">\n<div class=\"clients__reviews__review\">\n  <img src=\"https:\/\/seekandhit.com\/wp-content\/uploads\/2020\/10\/social-fulcrum-seekandhit-testimonial.png\" class=\"review__image\" alt=\"Social Fulcrum\" \/>\n  <p class=\"review__text text--main\">\n    &#8221;\n    Radili smo sa SeekandHitom na izradi specifi\u010dnih zna\u010dajki kako bismo unaprijedili na\u0161e interne alate. Njihova rje\u0161enja otklonila su sve na\u0161e probleme te su nam uvijek pru\u017eali vrijedne savjete kako raditi s Facebookovim API-jem.    &#8221;\n  <\/p>\n  <span class=\"review__author text--alt\">\u2014 Noah Freeman, COO<\/span>\n<\/div><\/div>\n\n<div class=\"wp-block-lazyblock-meta-trusted-partner lazyblock-meta-trusted-partner-Z17gi0s\">\n<div class=\"clients__reviews__review\">\n  <img src=\"https:\/\/seekandhit.com\/wp-content\/uploads\/2020\/10\/socialbakers-logo.png\" class=\"review__image\" alt=\"Socialbakers\" \/>\n  <p class=\"review__text text--main\">\n    &#8221;\n    SeekandHit je nadma\u0161io sva na\u0161a o\u010dekivanja na svakom projektu na kojem smo radili. Sa sigurno\u0161\u0107u smo uvijek znali da \u0107e na\u0161a suradnja biti uspje\u0161na \u0161togod radili, od strate\u0161kog savjetovanja do izrade specifi\u010dnih i kompleksnih zna\u010dajki.    &#8221;\n  <\/p>\n  <span class=\"review__author text--alt\">\u2014 Jan Rezab, Founder<\/span>\n<\/div><\/div>\n\n<div class=\"wp-block-lazyblock-meta-trusted-partner lazyblock-meta-trusted-partner-1MdCLA\">\n<div class=\"clients__reviews__review\">\n  <img src=\"https:\/\/seekandhit.com\/wp-content\/uploads\/2020\/10\/NGV-Logo.png\" class=\"review__image\" alt=\"NEOGOV\" \/>\n  <p class=\"review__text text--main\">\n    &#8221;\n    Pokretanje digitalnih kampanja bez ikakvog iskustva mo\u017ee se pokazati kao velik gubitak novca. Anga\u017eiranje konzultanata s dubinskim znanjem kako upravljati kampanjama je br\u017ee i isplativije rje\u0161enje. Raditi s ekipom iz SeekandHita je bio istinski u\u017eitak.    &#8221;\n  <\/p>\n  <span class=\"review__author text--alt\">\u2014 Damir Davidovic, Founder<\/span>\n<\/div><\/div>\n\n<div class=\"wp-block-lazyblock-meta-trusted-partner lazyblock-meta-trusted-partner-1sai6m\">\n<div class=\"clients__reviews__review\">\n  <img src=\"https:\/\/seekandhit.com\/wp-content\/uploads\/2020\/11\/logo_header.png\" class=\"review__image\" alt=\"Valamar\" \/>\n  <p class=\"review__text text--main\">\n    &#8221;\n    Dobili smo upravo ono \u0161to smo tra\u017eili. Ekipa iz SeekandHita se u potpunosti prilagodila na\u0161im potrebama i vi\u0161e ne mo\u017eemo zamisliti nikakav druk\u010diji oblik suradnje.    &#8221;\n  <\/p>\n  <span class=\"review__author text--alt\">\u2014 Igor \u0160eruga<\/span>\n<\/div><\/div>      <\/div>\n    \n  <\/div>\n<\/div><\/div>\n\n<div class=\"wp-block-lazyblock-widget-classic-cta lazyblock-widget-classic-cta-1k7Q5i\">\n<div class=\"image-headline-CTA__container image-headline-CTA__container--gray\">\n  <div class=\"image-headline-CTA contained\">\n\n          <div class=\"image-headline-CTA__images\">\n                  <img src=https:\/\/seekandhit.com\/wp-content\/uploads\/2020\/11\/IMG_3731-web-1-scaled.jpg class=\"image-headline-CTA__photo\" alt= \/>\n                <img src=\"https:\/\/seekandhit.com\/wp-content\/themes\/seekandhit-optimized\/images\/dots-gray-L.svg\" class=\"image-headline-CTA__dots-5x7\"\/><img src=\"https:\/\/seekandhit.com\/wp-content\/themes\/seekandhit-optimized\/images\/dots-white-1x7-blue-3x7.svg\" class=\"image-headline-CTA__dots-4x7\"\/>      <\/div>\n    \n    <div class=\"image-headline-CTA__text\">\n      <h3 class=\"image-headline-CTA__title title--medium\">\n        SeekandHit na\u010din      <\/h3>\n      <p class=\"image-headline-CTA__subtitle text--main\">\n        Uzimamo konvencionalne stvari i igramo se s njima. Ple\u0161emo s njima, testiramo ih, lomimo ih, kompletno transformiramo u ne\u0161to za \u0161to \u0107emo s ponosom re\u0107i da je na\u0161 rad.      <\/p>\n      <a href=\"https:\/\/seekandhit.com\/hr\/o-nama\" class=\"image-headline-CTA__button button button--green\">\n        Upoznaj na\u0161 tim      <\/a>\n    <\/div>\n    \n  <\/div>\n<\/div>\n<\/div>\n\n<div class=\"wp-block-lazyblock-widget-newsletter lazyblock-widget-newsletter-Z10exA3\">\n<div class=\"form--widget form--widget--red\">\n  <div class=\"form--widget__wrapper contained\">\n    <div class=\"form--widget__description\">\n      <h2 class=\"title--medium\">\n        Newsletter      <\/h2>\n      <p class=\"text--main\">\n        Trebat \u0107e nam tvoj email ako \u017eeli\u0161 \u010duti \u0161to je novo u svijetu digitalnog marketinga. Sigurni smo da \u0107e ti se isplatiti.      <\/p>\n    <\/div>\n    <div class=\"form--widget__action js-form\" data-form=\"save\">\n      <div class=\"form--widget__email input__wrapper\">\n        <label class=\"label label--white\" for=\"form--widget__input\">\n          Email adresa        <\/label>\n        <input class=\"input text--main input--red\" type=\"email\" id=\"form--widget__input\" name=\"email\" \/>\n        <div class=\"form__response form__response--absolute\">\n          <p class=\"form__response--success text--main\">\n                      <\/p>\n          <p class=\"form__response--error text--main\">\n                      <\/p>\n        <\/div>\n      <\/div>\n      <button class=\"button button--gray js-form-submit\">\n        Prijava      <\/button>\n    <\/div>\n  <\/div>\n<\/div><\/div>","protected":false},"excerpt":{"rendered":"","protected":false},"author":1,"featured_media":0,"parent":0,"menu_order":0,"comment_status":"closed","ping_status":"closed","template":"","meta":[],"_links":{"self":[{"href":"https:\/\/seekandhit.com\/hr\/wp-json\/wp\/v2\/pages\/6968"}],"collection":[{"href":"https:\/\/seekandhit.com\/hr\/wp-json\/wp\/v2\/pages"}],"about":[{"href":"https:\/\/seekandhit.com\/hr\/wp-json\/wp\/v2\/types\/page"}],"author":[{"embeddable":true,"href":"https:\/\/seekandhit.com\/hr\/wp-json\/wp\/v2\/users\/1"}],"replies":[{"embeddable":true,"href":"https:\/\/seekandhit.com\/hr\/wp-json\/wp\/v2\/comments?post=6968"}],"version-history":[{"count":12,"href":"https:\/\/seekandhit.com\/hr\/wp-json\/wp\/v2\/pages\/6968\/revisions"}],"predecessor-version":[{"id":7125,"href":"https:\/\/seekandhit.com\/hr\/wp-json\/wp\/v2\/pages\/6968\/revisions\/7125"}],"wp:attachment":[{"href":"https:\/\/seekandhit.com\/hr\/wp-json\/wp\/v2\/media?parent=6968"}],"curies":[{"name":"wp","href":"https:\/\/api.w.org\/{rel}","templated":true}]}}